{"id":1927,"date":"2024-05-21T13:09:12","date_gmt":"2024-05-21T11:09:12","guid":{"rendered":"https:\/\/sites5.digitalya.es\/jackjonesbadajoz.com\/?page_id=1927"},"modified":"2024-12-20T19:29:07","modified_gmt":"2024-12-20T18:29:07","slug":"aviso-legal","status":"publish","type":"page","link":"https:\/\/jackjonesbadajoz.com\/en\/aviso-legal\/","title":{"rendered":"Aviso Legal"},"content":{"rendered":"<div data-elementor-type=\"wp-page\" data-elementor-id=\"1927\" class=\"elementor elementor-1927\" data-elementor-post-type=\"page\">\n\t\t\t\t\t\t<section class=\"elementor-section elementor-top-section elementor-element elementor-element-7d24e502 elementor-section-height-min-height elementor-section-boxed elementor-section-height-default elementor-section-items-middle\" data-id=\"7d24e502\" data-element_type=\"section\" data-e-type=\"section\" data-settings=\"{&quot;background_background&quot;:&quot;classic&quot;}\">\n\t\t\t\t\t\t\t<div class=\"elementor-background-overlay\"><\/div>\n\t\t\t\t\t\t\t<div class=\"elementor-container elementor-column-gap-default\">\n\t\t\t\t\t<div class=\"elementor-column elementor-col-100 elementor-top-column elementor-element elementor-element-60f6ac5f\" data-id=\"60f6ac5f\" data-element_type=\"column\" data-e-type=\"column\">\n\t\t\t<div class=\"elementor-widget-wrap elementor-element-populated\">\n\t\t\t\t\t\t<section class=\"elementor-section elementor-inner-section elementor-element elementor-element-6fb0259 elementor-section-boxed elementor-section-height-default elementor-section-height-default\" data-id=\"6fb0259\" data-element_type=\"section\" data-e-type=\"section\">\n\t\t\t\t\t\t<div class=\"elementor-container elementor-column-gap-default\">\n\t\t\t\t\t<div class=\"elementor-column elementor-col-100 elementor-inner-column elementor-element elementor-element-1d422c66\" data-id=\"1d422c66\" data-element_type=\"column\" data-e-type=\"column\">\n\t\t\t<div class=\"elementor-widget-wrap elementor-element-populated\">\n\t\t\t\t\t\t<div class=\"elementor-element elementor-element-263c38a5 elementor-invisible elementor-widget elementor-widget-heading\" data-id=\"263c38a5\" data-element_type=\"widget\" data-e-type=\"widget\" data-settings=\"{&quot;_animation&quot;:&quot;fadeIn&quot;,&quot;_animation_delay&quot;:100}\" data-widget_type=\"heading.default\">\n\t\t\t\t<div class=\"elementor-widget-container\">\n\t\t\t\t\t<h1 class=\"elementor-heading-title elementor-size-default\">Pol\u00edtica de Accesibilidad<\/h1>\t\t\t\t<\/div>\n\t\t\t\t<\/div>\n\t\t\t\t\t<\/div>\n\t\t<\/div>\n\t\t\t\t\t<\/div>\n\t\t<\/section>\n\t\t\t\t\t<\/div>\n\t\t<\/div>\n\t\t\t\t\t<\/div>\n\t\t<\/section>\n\t\t<div class=\"elementor-element elementor-element-67f82b4 e-flex e-con-boxed e-con e-parent\" data-id=\"67f82b4\" data-element_type=\"container\" data-e-type=\"container\">\n\t\t\t\t\t<div class=\"e-con-inner\">\n\t\t\t\t\t<\/div>\n\t\t\t\t<\/div>\n\t\t<div class=\"elementor-element elementor-element-aef4832 e-flex e-con-boxed e-con e-parent\" data-id=\"aef4832\" data-element_type=\"container\" data-e-type=\"container\">\n\t\t\t\t\t<div class=\"e-con-inner\">\n\t\t\t\t<div class=\"elementor-element elementor-element-aeb037f elementor-widget elementor-widget-text-editor\" data-id=\"aeb037f\" data-element_type=\"widget\" data-e-type=\"widget\" data-widget_type=\"text-editor.default\">\n\t\t\t\t<div class=\"elementor-widget-container\">\n\t\t\t\t\t\t\t\t\t<p><span style=\"font-weight: 400;\">En la construcci\u00f3n de la p\u00e1gina web de&nbsp;<\/span><b>ITANA 2012 SL<\/b>&nbsp;se han adoptado medidas con el objetivo de que el mayor n\u00famero posible de personas puedan llegar a la informaci\u00f3n que se transmite en ella, independientemente de las limitaciones de la persona o de las que se deriven del contexto de uso.<\/p>\n<p><span style=\"font-weight: 400;\">As\u00ed, en la confecci\u00f3n del portal se han tenido en cuenta los siguientes aspectos:<\/span><\/p>\n<ul>\n<li style=\"font-weight: 400;\" aria-level=\"1\"><span style=\"font-weight: 400;\">Uso de CSS para la presentaci\u00f3n de la informaci\u00f3n.<\/span><\/li>\n<li style=\"font-weight: 400;\" aria-level=\"1\"><span style=\"font-weight: 400;\">Etiquetas de marcaje.<\/span><\/li>\n<li style=\"font-weight: 400;\" aria-level=\"1\"><span style=\"font-weight: 400;\">Sistemas de navegaci\u00f3n usables, intuitivos y alternativos.<\/span><\/li>\n<li style=\"font-weight: 400;\" aria-level=\"1\"><span style=\"font-weight: 400;\">Descripciones alternativas en las im\u00e1genes.<\/span><\/li>\n<li style=\"font-weight: 400;\" aria-level=\"1\"><span style=\"font-weight: 400;\">Verificaciones en la visualizaci\u00f3n con diferentes navegadores y dispositivos.<\/span><\/li>\n<li style=\"font-weight: 400;\" aria-level=\"1\"><span style=\"font-weight: 400;\">Utilizaci\u00f3n de formatos universales y alternativos.<\/span><\/li>\n<li style=\"font-weight: 400;\" aria-level=\"1\"><span style=\"font-weight: 400;\">Los enlaces ofrecen detalles de la funci\u00f3n o destino del hiperv\u00ednculo.<\/span><\/li>\n<li style=\"font-weight: 400;\" aria-level=\"1\"><span style=\"font-weight: 400;\">Uso de los est\u00e1ndares del W3C.<\/span><\/li>\n<li style=\"font-weight: 400;\" aria-level=\"1\"><span style=\"font-weight: 400;\">Acceso mediante atajos teclado a las principales opciones.<\/span><\/li>\n<\/ul>\n<h3><span style=\"font-weight: 400;\">Cumplimiento de los est\u00e1ndares<\/span><\/h3>\n<p><span style=\"font-weight: 400;\">Las p\u00e1ginas de este sitio Web cumplen la marca AA seg\u00fan la Norma UNE 139803:2004 y las Directrices de Accesibilidad para el Contenido Web 1.0 del W3C. Todos los requisitos de Prioridad 1 y Prioridad 2 y un subconjunto de los requisitos de Prioridad 3 han sido comprobados con un an\u00e1lisis manual de la accesibilidad a trav\u00e9s de diferentes herramientas semi-autom\u00e1ticas y agentes de usuario.<\/span><\/p>\n<h3><span style=\"font-weight: 400;\">Atajos de teclado<\/span><\/h3>\n<p><span style=\"font-weight: 400;\">En esta Web puede hacer saltos ordenados en el contenido con la tecla Tab.<\/span><\/p>\n<h3><span style=\"font-weight: 400;\">Tama\u00f1o del texto<\/span><\/h3>\n<p><span style=\"font-weight: 400;\">El dise\u00f1o accesible permite que el usuario pueda ajustar las fuentes al tama\u00f1o que le convenga. Esta acci\u00f3n puede llevarse a cabo de diferentes maneras seg\u00fan el navegador web que se utilice. A continuaci\u00f3n se indica la acci\u00f3n de men\u00fa donde se encuentra esta funcionalidad en los navegadores m\u00e1s frecuentes:<\/span><\/p>\n<ul>\n<li style=\"font-weight: 400;\" aria-level=\"1\"><span style=\"font-weight: 400;\">Mozilla Firefox: Ver &gt; Tama\u00f1o de texto &gt; Incrementar Internet<\/span><\/li>\n<li style=\"font-weight: 400;\" aria-level=\"1\"><span style=\"font-weight: 400;\">Internet Explorer: Ver &gt; Tama\u00f1o de texto &gt; M\u00e1s grande<\/span><\/li>\n<li style=\"font-weight: 400;\" aria-level=\"1\"><span style=\"font-weight: 400;\">Opera: View &gt; Zoom &gt; %<\/span><\/li>\n<li style=\"font-weight: 400;\" aria-level=\"1\"><span style=\"font-weight: 400;\">Safari: View &gt; Make text bigger<\/span><\/li>\n<li style=\"font-weight: 400;\" aria-level=\"1\"><span style=\"font-weight: 400;\">Google Chrome: Herramientas &gt; Zoom<\/span><\/li>\n<\/ul>\n<h3><span style=\"font-weight: 400;\">Configuraci\u00f3n t\u00e9cnica<\/span><\/h3>\n<p><span style=\"font-weight: 400;\">Las p\u00e1ginas web est\u00e1n creadas con el CMS WordPress <\/span><span style=\"font-weight: 400;\">*a\u00f1adir versi\u00f3n wordpress*<\/span><\/p>\n<h3><span style=\"font-weight: 400;\">Informaci\u00f3n \u00fatil sobre la accesibilidad<\/span><\/h3>\n<p><span style=\"font-weight: 400;\">Seguidamente se exponen una serie de enlaces organizados en diferentes categor\u00edas \u00fatiles para obtener m\u00e1s informaci\u00f3n sobre la accesibilidad.<\/span><\/p>\n<h4><span style=\"font-weight: 400;\">Accesibilidad normas y documentos t\u00e9cnicos:<\/span><\/h4>\n<p><a href=\"http:\/\/www.w3c.org\/\"><span style=\"font-weight: 400;\">http:\/\/www.w3c.org\/<\/span><span style=\"font-weight: 400;\"><br><\/span><\/a><span style=\"font-weight: 400;\">Consorcio World Wide Web, grupo de trabajo de \u00e1mbito internacional que dicta l\u00edneas generales relacionadas con la web.<\/span><\/p>\n<p><a href=\"http:\/\/www.w3c.org\/wai\/\"><span style=\"font-weight: 400;\">http:\/\/www.w3c.org\/wai\/<\/span><span style=\"font-weight: 400;\"><br><\/span><\/a><span style=\"font-weight: 400;\">Iniciativa de Accesibilidad Web del W3C.<\/span><\/p>\t\t\t\t\t\t\t\t<\/div>\n\t\t\t\t<\/div>\n\t\t\t\t\t<\/div>\n\t\t\t\t<\/div>\n\t\t\t\t<\/div>","protected":false},"excerpt":{"rendered":"<p>Pol\u00edtica de Accesibilidad En la construcci\u00f3n de la p\u00e1gina web de&nbsp;ITANA 2012 SL&nbsp;se han adoptado medidas con el objetivo de que el mayor n\u00famero posible de personas puedan llegar a la informaci\u00f3n que se transmite en ella, independientemente de las limitaciones de la persona o de las que se deriven del contexto de uso. As\u00ed, &#8230; <a title=\"Aviso Legal\" class=\"read-more\" href=\"https:\/\/jackjonesbadajoz.com\/en\/aviso-legal\/\" aria-label=\"Read more about Aviso Legal\">Read more<\/a><\/p>","protected":false},"author":135,"featured_media":0,"parent":0,"menu_order":0,"comment_status":"closed","ping_status":"closed","template":"elementor_header_footer","meta":{"footnotes":""},"class_list":["post-1927","page","type-page","status-publish"],"yoast_head":"<!-- This site is optimized with the Yoast SEO plugin v27.4 - https:\/\/yoast.com\/product\/yoast-seo-wordpress\/ -->\n<title>Aviso Legal - Jack &amp; Jones Badajoz<\/title>\n<meta name=\"robots\" content=\"index, follow, max-snippet:-1, max-image-preview:large, max-video-preview:-1\" \/>\n<link rel=\"canonical\" href=\"https:\/\/jackjonesbadajoz.com\/en\/aviso-legal\/\" \/>\n<meta property=\"og:locale\" content=\"en_US\" \/>\n<meta property=\"og:type\" content=\"article\" \/>\n<meta property=\"og:title\" content=\"Aviso Legal - Jack &amp; Jones Badajoz\" \/>\n<meta property=\"og:description\" content=\"Pol\u00edtica de Accesibilidad En la construcci\u00f3n de la p\u00e1gina web de&nbsp;ITANA 2012 SL&nbsp;se han adoptado medidas con el objetivo de que el mayor n\u00famero posible de personas puedan llegar a la informaci\u00f3n que se transmite en ella, independientemente de las limitaciones de la persona o de las que se deriven del contexto de uso. As\u00ed, ... Read more\" \/>\n<meta property=\"og:url\" content=\"https:\/\/jackjonesbadajoz.com\/en\/aviso-legal\/\" \/>\n<meta property=\"og:site_name\" content=\"Jack &amp; Jones Badajoz\" \/>\n<meta property=\"article:modified_time\" content=\"2024-12-20T18:29:07+00:00\" \/>\n<meta name=\"twitter:card\" content=\"summary_large_image\" \/>\n<meta name=\"twitter:label1\" content=\"Est. reading time\" \/>\n\t<meta name=\"twitter:data1\" content=\"2 minutes\" \/>\n<script type=\"application\/ld+json\" class=\"yoast-schema-graph\">{\"@context\":\"https:\\\/\\\/schema.org\",\"@graph\":[{\"@type\":\"WebPage\",\"@id\":\"https:\\\/\\\/jackjonesbadajoz.com\\\/aviso-legal\\\/\",\"url\":\"https:\\\/\\\/jackjonesbadajoz.com\\\/aviso-legal\\\/\",\"name\":\"Aviso Legal - Jack &amp; Jones Badajoz\",\"isPartOf\":{\"@id\":\"https:\\\/\\\/jackjonesbadajoz.com\\\/#website\"},\"datePublished\":\"2024-05-21T11:09:12+00:00\",\"dateModified\":\"2024-12-20T18:29:07+00:00\",\"breadcrumb\":{\"@id\":\"https:\\\/\\\/jackjonesbadajoz.com\\\/aviso-legal\\\/#breadcrumb\"},\"inLanguage\":\"en-US\",\"potentialAction\":[{\"@type\":\"ReadAction\",\"target\":[\"https:\\\/\\\/jackjonesbadajoz.com\\\/aviso-legal\\\/\"]}]},{\"@type\":\"BreadcrumbList\",\"@id\":\"https:\\\/\\\/jackjonesbadajoz.com\\\/aviso-legal\\\/#breadcrumb\",\"itemListElement\":[{\"@type\":\"ListItem\",\"position\":1,\"name\":\"Portada\",\"item\":\"https:\\\/\\\/jackjonesbadajoz.com\\\/\"},{\"@type\":\"ListItem\",\"position\":2,\"name\":\"Aviso Legal\"}]},{\"@type\":\"WebSite\",\"@id\":\"https:\\\/\\\/jackjonesbadajoz.com\\\/#website\",\"url\":\"https:\\\/\\\/jackjonesbadajoz.com\\\/\",\"name\":\"Jack &amp; Jones Badajoz\",\"description\":\"Tiendas Jack &amp; Jones Badajoz\",\"publisher\":{\"@id\":\"https:\\\/\\\/jackjonesbadajoz.com\\\/#organization\"},\"potentialAction\":[{\"@type\":\"SearchAction\",\"target\":{\"@type\":\"EntryPoint\",\"urlTemplate\":\"https:\\\/\\\/jackjonesbadajoz.com\\\/?s={search_term_string}\"},\"query-input\":{\"@type\":\"PropertyValueSpecification\",\"valueRequired\":true,\"valueName\":\"search_term_string\"}}],\"inLanguage\":\"en-US\"},{\"@type\":\"Organization\",\"@id\":\"https:\\\/\\\/jackjonesbadajoz.com\\\/#organization\",\"name\":\"Jack &amp; Jones Badajoz\",\"url\":\"https:\\\/\\\/jackjonesbadajoz.com\\\/\",\"logo\":{\"@type\":\"ImageObject\",\"inLanguage\":\"en-US\",\"@id\":\"https:\\\/\\\/jackjonesbadajoz.com\\\/#\\\/schema\\\/logo\\\/image\\\/\",\"url\":\"https:\\\/\\\/jackjonesbadajoz.com\\\/wp-content\\\/uploads\\\/sites\\\/573\\\/2024\\\/07\\\/cropped-cdn.worldvectorlogo.com_logos_jack-jones-2.svg_.png\",\"contentUrl\":\"https:\\\/\\\/jackjonesbadajoz.com\\\/wp-content\\\/uploads\\\/sites\\\/573\\\/2024\\\/07\\\/cropped-cdn.worldvectorlogo.com_logos_jack-jones-2.svg_.png\",\"width\":2500,\"height\":274,\"caption\":\"Jack &amp; Jones Badajoz\"},\"image\":{\"@id\":\"https:\\\/\\\/jackjonesbadajoz.com\\\/#\\\/schema\\\/logo\\\/image\\\/\"}}]}<\/script>\n<!-- \/ Yoast SEO plugin. -->","yoast_head_json":{"title":"Aviso Legal - Jack &amp; Jones Badajoz","robots":{"index":"index","follow":"follow","max-snippet":"max-snippet:-1","max-image-preview":"max-image-preview:large","max-video-preview":"max-video-preview:-1"},"canonical":"https:\/\/jackjonesbadajoz.com\/en\/aviso-legal\/","og_locale":"en_US","og_type":"article","og_title":"Aviso Legal - Jack &amp; Jones Badajoz","og_description":"Pol\u00edtica de Accesibilidad En la construcci\u00f3n de la p\u00e1gina web de&nbsp;ITANA 2012 SL&nbsp;se han adoptado medidas con el objetivo de que el mayor n\u00famero posible de personas puedan llegar a la informaci\u00f3n que se transmite en ella, independientemente de las limitaciones de la persona o de las que se deriven del contexto de uso. As\u00ed, ... Read more","og_url":"https:\/\/jackjonesbadajoz.com\/en\/aviso-legal\/","og_site_name":"Jack &amp; Jones Badajoz","article_modified_time":"2024-12-20T18:29:07+00:00","twitter_card":"summary_large_image","twitter_misc":{"Est. reading time":"2 minutes"},"schema":{"@context":"https:\/\/schema.org","@graph":[{"@type":"WebPage","@id":"https:\/\/jackjonesbadajoz.com\/aviso-legal\/","url":"https:\/\/jackjonesbadajoz.com\/aviso-legal\/","name":"Aviso Legal - Jack &amp; Jones Badajoz","isPartOf":{"@id":"https:\/\/jackjonesbadajoz.com\/#website"},"datePublished":"2024-05-21T11:09:12+00:00","dateModified":"2024-12-20T18:29:07+00:00","breadcrumb":{"@id":"https:\/\/jackjonesbadajoz.com\/aviso-legal\/#breadcrumb"},"inLanguage":"en-US","potentialAction":[{"@type":"ReadAction","target":["https:\/\/jackjonesbadajoz.com\/aviso-legal\/"]}]},{"@type":"BreadcrumbList","@id":"https:\/\/jackjonesbadajoz.com\/aviso-legal\/#breadcrumb","itemListElement":[{"@type":"ListItem","position":1,"name":"Portada","item":"https:\/\/jackjonesbadajoz.com\/"},{"@type":"ListItem","position":2,"name":"Aviso Legal"}]},{"@type":"WebSite","@id":"https:\/\/jackjonesbadajoz.com\/#website","url":"https:\/\/jackjonesbadajoz.com\/","name":"Jack &amp; Jones Badajoz","description":"Tiendas Jack &amp; Jones Badajoz","publisher":{"@id":"https:\/\/jackjonesbadajoz.com\/#organization"},"potentialAction":[{"@type":"SearchAction","target":{"@type":"EntryPoint","urlTemplate":"https:\/\/jackjonesbadajoz.com\/?s={search_term_string}"},"query-input":{"@type":"PropertyValueSpecification","valueRequired":true,"valueName":"search_term_string"}}],"inLanguage":"en-US"},{"@type":"Organization","@id":"https:\/\/jackjonesbadajoz.com\/#organization","name":"Jack &amp; Jones Badajoz","url":"https:\/\/jackjonesbadajoz.com\/","logo":{"@type":"ImageObject","inLanguage":"en-US","@id":"https:\/\/jackjonesbadajoz.com\/#\/schema\/logo\/image\/","url":"https:\/\/jackjonesbadajoz.com\/wp-content\/uploads\/sites\/573\/2024\/07\/cropped-cdn.worldvectorlogo.com_logos_jack-jones-2.svg_.png","contentUrl":"https:\/\/jackjonesbadajoz.com\/wp-content\/uploads\/sites\/573\/2024\/07\/cropped-cdn.worldvectorlogo.com_logos_jack-jones-2.svg_.png","width":2500,"height":274,"caption":"Jack &amp; Jones Badajoz"},"image":{"@id":"https:\/\/jackjonesbadajoz.com\/#\/schema\/logo\/image\/"}}]}},"jetpack_sharing_enabled":true,"_links":{"self":[{"href":"https:\/\/jackjonesbadajoz.com\/en\/wp-json\/wp\/v2\/pages\/1927","targetHints":{"allow":["GET"]}}],"collection":[{"href":"https:\/\/jackjonesbadajoz.com\/en\/wp-json\/wp\/v2\/pages"}],"about":[{"href":"https:\/\/jackjonesbadajoz.com\/en\/wp-json\/wp\/v2\/types\/page"}],"author":[{"embeddable":true,"href":"https:\/\/jackjonesbadajoz.com\/en\/wp-json\/wp\/v2\/users\/135"}],"replies":[{"embeddable":true,"href":"https:\/\/jackjonesbadajoz.com\/en\/wp-json\/wp\/v2\/comments?post=1927"}],"version-history":[{"count":0,"href":"https:\/\/jackjonesbadajoz.com\/en\/wp-json\/wp\/v2\/pages\/1927\/revisions"}],"wp:attachment":[{"href":"https:\/\/jackjonesbadajoz.com\/en\/wp-json\/wp\/v2\/media?parent=1927"}],"curies":[{"name":"wp","href":"https:\/\/api.w.org\/{rel}","templated":true}]}}