{"id":5877,"date":"2024-10-25T12:52:17","date_gmt":"2024-10-25T10:52:17","guid":{"rendered":"https:\/\/sites5.digitalya.es\/jackjonesbadajoz.com\/?page_id=5877"},"modified":"2024-10-30T12:10:37","modified_gmt":"2024-10-30T11:10:37","slug":"politica-de-devoluciones","status":"publish","type":"page","link":"https:\/\/jackjonesbadajoz.com\/en\/politica-de-devoluciones\/","title":{"rendered":"Pol\u00edtica de devoluciones"},"content":{"rendered":"<div data-elementor-type=\"wp-page\" data-elementor-id=\"5877\" class=\"elementor elementor-5877\" data-elementor-post-type=\"page\">\n\t\t\t\t\t\t<section class=\"elementor-section elementor-top-section elementor-element elementor-element-b6fe6c6 elementor-section-height-min-height elementor-section-boxed elementor-section-height-default elementor-section-items-middle\" data-id=\"b6fe6c6\" data-element_type=\"section\" data-e-type=\"section\" data-settings=\"{&quot;background_background&quot;:&quot;classic&quot;}\">\n\t\t\t\t\t\t\t<div class=\"elementor-background-overlay\"><\/div>\n\t\t\t\t\t\t\t<div class=\"elementor-container elementor-column-gap-default\">\n\t\t\t\t\t<div class=\"elementor-column elementor-col-100 elementor-top-column elementor-element elementor-element-c04a97c\" data-id=\"c04a97c\" data-element_type=\"column\" data-e-type=\"column\">\n\t\t\t<div class=\"elementor-widget-wrap elementor-element-populated\">\n\t\t\t\t\t\t<section class=\"elementor-section elementor-inner-section elementor-element elementor-element-5d86205 elementor-section-boxed elementor-section-height-default elementor-section-height-default\" data-id=\"5d86205\" data-element_type=\"section\" data-e-type=\"section\">\n\t\t\t\t\t\t<div class=\"elementor-container elementor-column-gap-default\">\n\t\t\t\t\t<div class=\"elementor-column elementor-col-100 elementor-inner-column elementor-element elementor-element-2429d77\" data-id=\"2429d77\" data-element_type=\"column\" data-e-type=\"column\">\n\t\t\t<div class=\"elementor-widget-wrap elementor-element-populated\">\n\t\t\t\t\t\t<div class=\"elementor-element elementor-element-dd35c14 elementor-invisible elementor-widget elementor-widget-heading\" data-id=\"dd35c14\" data-element_type=\"widget\" data-e-type=\"widget\" data-settings=\"{&quot;_animation&quot;:&quot;fadeIn&quot;,&quot;_animation_delay&quot;:100}\" data-widget_type=\"heading.default\">\n\t\t\t\t<div class=\"elementor-widget-container\">\n\t\t\t\t\t<h1 class=\"elementor-heading-title elementor-size-default\">pol\u00edtica de devoluciones<\/h1>\t\t\t\t<\/div>\n\t\t\t\t<\/div>\n\t\t\t\t\t<\/div>\n\t\t<\/div>\n\t\t\t\t\t<\/div>\n\t\t<\/section>\n\t\t\t\t\t<\/div>\n\t\t<\/div>\n\t\t\t\t\t<\/div>\n\t\t<\/section>\n\t\t<div class=\"elementor-element elementor-element-9d1f699 e-flex e-con-boxed e-con e-parent\" data-id=\"9d1f699\" data-element_type=\"container\" data-e-type=\"container\">\n\t\t\t\t\t<div class=\"e-con-inner\">\n\t\t\t\t<div class=\"elementor-element elementor-element-4679aaa elementor-widget elementor-widget-text-editor\" data-id=\"4679aaa\" data-element_type=\"widget\" data-e-type=\"widget\" data-widget_type=\"text-editor.default\">\n\t\t\t\t<div class=\"elementor-widget-container\">\n\t\t\t\t\t\t\t\t\t<header class=\"article-header\">\n<h1 class=\"article-title\" title=\"\u00bfQu\u00e9 debo hacer para devolver un art\u00edculo?\">\u00bfQu\u00e9 debo hacer para devolver un art\u00edculo?<\/h1>\n<\/header>\n<section class=\"article-info\">\n<div class=\"article-content\">\n<div class=\"article-body\">\n<h4 id=\"01GBQDH35W955AQE4BHPGZ9WAW\"><strong>\u00bfC\u00f3mo puedo obtener una nueva etiqueta de devoluci\u00f3n?<\/strong><\/h4>\n<p>Si ya necesitas una nueva etiqueta, puedes crearla f\u00e1cilmente por ti mismo registrando tu devoluci\u00f3n a trav\u00e9s del portal de devoluciones.<\/p>\n<p>Si devuelve la mercanc\u00eda utilizando nuestra etiqueta de devoluci\u00f3n, se le cobrar\u00e1 un importe de 1.99 EUR. Cobramos los costes de devoluci\u00f3n por pedido devuelto. Usted es responsable de la devoluci\u00f3n de los art\u00edculos.<\/p>\n<p>Para devolver tus art\u00edculos dispones de 30 d\u00edas a partir de la fecha en que recibes tu compra realizada en l\u00ednea.<\/p>\n<p>Simplemente debes seguir estos 4 pasos de nuestro procedimiento de devoluci\u00f3n:&nbsp;<\/p>\n<p><img decoding=\"async\" class=\"image_resized wysiwyg-image-resized\" src=\"https:\/\/support.jackjones.com\/hc\/article_attachments\/27923299019281\" alt=\"How_do_I_return_something_process_image.png\"><\/p>\n<p>1. PREPARACI\u00d3N<\/p>\n<ul>\n<li>Registre su devoluci\u00f3n en l\u00ednea y seleccione el motivo de devoluci\u00f3n correspondiente.<\/li>\n<\/ul>\n<p>2. EMPACADO<\/p>\n<ul>\n<li>Devuelve el art\u00edculo utilizando la misma bolsa\/caja en la que fue entregado. Si ya no tienes el empaque original, puedes utilizar cualquier otra bolsa o caja de tu preferencia.<\/li>\n<li>Coloca los art\u00edculos que deseas devolver en el paquete.<\/li>\n<li>Sella bien tu paquete de devoluci\u00f3n para que no resulte da\u00f1ado en el trayecto de vuelta.<\/li>\n<\/ul>\n<p>3. DEVOLUCI\u00d3N<\/p>\n<ul>\n<li>Puedes devolver tu paquete a trav\u00e9s de una oficina local de GLS.<\/li>\n<li>Recuerda solicitar un recibo como prueba de que has devuelto el paquete y cons\u00e9rvalo hasta que hayamos procesado tu devoluci\u00f3n.<\/li>\n<\/ul>\n<p>4. REEMBOLSO<\/p>\n<ul>\n<li>El art\u00edculo puede tardar hasta&nbsp;<strong>14 d\u00edas laborables<\/strong>&nbsp;en llegar a nuestro almac\u00e9n.<\/li>\n<li>Una vez que hayamos recibido tu paquete en el almac\u00e9n, te enviaremos un correo electr\u00f3nico para confirmar la devoluci\u00f3n.<\/li>\n<li>Una vez que se haya procesado tu devoluci\u00f3n, emitiremos un reembolso a trav\u00e9s del m\u00e9todo de pago que hayas elegido al realizar tu pedido.<\/li>\n<li>Ten en cuenta que pueden pasar varios d\u00edas antes de que el dinero vuelva a estar disponible en tu cuenta bancaria, dependiendo de las condiciones y pol\u00edticas de tu banco.<\/li>\n<\/ul>\n<\/div>\n<\/div>\n<\/section>\t\t\t\t\t\t\t\t<\/div>\n\t\t\t\t<\/div>\n\t\t\t\t\t<\/div>\n\t\t\t\t<\/div>\n\t\t\t\t<\/div>","protected":false},"excerpt":{"rendered":"<p>pol\u00edtica de devoluciones \u00bfQu\u00e9 debo hacer para devolver un art\u00edculo? \u00bfC\u00f3mo puedo obtener una nueva etiqueta de devoluci\u00f3n? Si ya necesitas una nueva etiqueta, puedes crearla f\u00e1cilmente por ti mismo registrando tu devoluci\u00f3n a trav\u00e9s del portal de devoluciones. Si devuelve la mercanc\u00eda utilizando nuestra etiqueta de devoluci\u00f3n, se le cobrar\u00e1 un importe de 1.99 &#8230; <a title=\"Pol\u00edtica de devoluciones\" class=\"read-more\" href=\"https:\/\/jackjonesbadajoz.com\/en\/politica-de-devoluciones\/\" aria-label=\"Read more about Pol\u00edtica de devoluciones\">Read more<\/a><\/p>","protected":false},"author":135,"featured_media":0,"parent":0,"menu_order":0,"comment_status":"closed","ping_status":"closed","template":"elementor_header_footer","meta":{"footnotes":""},"class_list":["post-5877","page","type-page","status-publish"],"yoast_head":"<!-- This site is optimized with the Yoast SEO plugin v27.4 - https:\/\/yoast.com\/product\/yoast-seo-wordpress\/ -->\n<title>Pol\u00edtica de devoluciones - Jack &amp; Jones Badajoz<\/title>\n<meta name=\"robots\" content=\"index, follow, max-snippet:-1, max-image-preview:large, max-video-preview:-1\" \/>\n<link rel=\"canonical\" href=\"https:\/\/jackjonesbadajoz.com\/en\/politica-de-devoluciones\/\" \/>\n<meta property=\"og:locale\" content=\"en_US\" \/>\n<meta property=\"og:type\" content=\"article\" \/>\n<meta property=\"og:title\" content=\"Pol\u00edtica de devoluciones - Jack &amp; Jones Badajoz\" \/>\n<meta property=\"og:description\" content=\"pol\u00edtica de devoluciones \u00bfQu\u00e9 debo hacer para devolver un art\u00edculo? \u00bfC\u00f3mo puedo obtener una nueva etiqueta de devoluci\u00f3n? Si ya necesitas una nueva etiqueta, puedes crearla f\u00e1cilmente por ti mismo registrando tu devoluci\u00f3n a trav\u00e9s del portal de devoluciones. Si devuelve la mercanc\u00eda utilizando nuestra etiqueta de devoluci\u00f3n, se le cobrar\u00e1 un importe de 1.99 ... Read more\" \/>\n<meta property=\"og:url\" content=\"https:\/\/jackjonesbadajoz.com\/en\/politica-de-devoluciones\/\" \/>\n<meta property=\"og:site_name\" content=\"Jack &amp; Jones Badajoz\" \/>\n<meta property=\"article:modified_time\" content=\"2024-10-30T11:10:37+00:00\" \/>\n<meta property=\"og:image\" content=\"https:\/\/support.jackjones.com\/hc\/article_attachments\/27923299019281\" \/>\n<meta name=\"twitter:card\" content=\"summary_large_image\" \/>\n<meta name=\"twitter:label1\" content=\"Est. reading time\" \/>\n\t<meta name=\"twitter:data1\" content=\"2 minutes\" \/>\n<script type=\"application\/ld+json\" class=\"yoast-schema-graph\">{\"@context\":\"https:\\\/\\\/schema.org\",\"@graph\":[{\"@type\":\"WebPage\",\"@id\":\"https:\\\/\\\/jackjonesbadajoz.com\\\/politica-de-devoluciones\\\/\",\"url\":\"https:\\\/\\\/jackjonesbadajoz.com\\\/politica-de-devoluciones\\\/\",\"name\":\"Pol\u00edtica de devoluciones - Jack &amp; Jones Badajoz\",\"isPartOf\":{\"@id\":\"https:\\\/\\\/jackjonesbadajoz.com\\\/#website\"},\"primaryImageOfPage\":{\"@id\":\"https:\\\/\\\/jackjonesbadajoz.com\\\/politica-de-devoluciones\\\/#primaryimage\"},\"image\":{\"@id\":\"https:\\\/\\\/jackjonesbadajoz.com\\\/politica-de-devoluciones\\\/#primaryimage\"},\"thumbnailUrl\":\"https:\\\/\\\/support.jackjones.com\\\/hc\\\/article_attachments\\\/27923299019281\",\"datePublished\":\"2024-10-25T10:52:17+00:00\",\"dateModified\":\"2024-10-30T11:10:37+00:00\",\"breadcrumb\":{\"@id\":\"https:\\\/\\\/jackjonesbadajoz.com\\\/politica-de-devoluciones\\\/#breadcrumb\"},\"inLanguage\":\"en-US\",\"potentialAction\":[{\"@type\":\"ReadAction\",\"target\":[\"https:\\\/\\\/jackjonesbadajoz.com\\\/politica-de-devoluciones\\\/\"]}]},{\"@type\":\"ImageObject\",\"inLanguage\":\"en-US\",\"@id\":\"https:\\\/\\\/jackjonesbadajoz.com\\\/politica-de-devoluciones\\\/#primaryimage\",\"url\":\"https:\\\/\\\/support.jackjones.com\\\/hc\\\/article_attachments\\\/27923299019281\",\"contentUrl\":\"https:\\\/\\\/support.jackjones.com\\\/hc\\\/article_attachments\\\/27923299019281\"},{\"@type\":\"BreadcrumbList\",\"@id\":\"https:\\\/\\\/jackjonesbadajoz.com\\\/politica-de-devoluciones\\\/#breadcrumb\",\"itemListElement\":[{\"@type\":\"ListItem\",\"position\":1,\"name\":\"Portada\",\"item\":\"https:\\\/\\\/jackjonesbadajoz.com\\\/\"},{\"@type\":\"ListItem\",\"position\":2,\"name\":\"Pol\u00edtica de devoluciones\"}]},{\"@type\":\"WebSite\",\"@id\":\"https:\\\/\\\/jackjonesbadajoz.com\\\/#website\",\"url\":\"https:\\\/\\\/jackjonesbadajoz.com\\\/\",\"name\":\"Jack &amp; Jones Badajoz\",\"description\":\"Tiendas Jack &amp; Jones Badajoz\",\"publisher\":{\"@id\":\"https:\\\/\\\/jackjonesbadajoz.com\\\/#organization\"},\"potentialAction\":[{\"@type\":\"SearchAction\",\"target\":{\"@type\":\"EntryPoint\",\"urlTemplate\":\"https:\\\/\\\/jackjonesbadajoz.com\\\/?s={search_term_string}\"},\"query-input\":{\"@type\":\"PropertyValueSpecification\",\"valueRequired\":true,\"valueName\":\"search_term_string\"}}],\"inLanguage\":\"en-US\"},{\"@type\":\"Organization\",\"@id\":\"https:\\\/\\\/jackjonesbadajoz.com\\\/#organization\",\"name\":\"Jack &amp; Jones Badajoz\",\"url\":\"https:\\\/\\\/jackjonesbadajoz.com\\\/\",\"logo\":{\"@type\":\"ImageObject\",\"inLanguage\":\"en-US\",\"@id\":\"https:\\\/\\\/jackjonesbadajoz.com\\\/#\\\/schema\\\/logo\\\/image\\\/\",\"url\":\"https:\\\/\\\/jackjonesbadajoz.com\\\/wp-content\\\/uploads\\\/sites\\\/573\\\/2024\\\/07\\\/cropped-cdn.worldvectorlogo.com_logos_jack-jones-2.svg_.png\",\"contentUrl\":\"https:\\\/\\\/jackjonesbadajoz.com\\\/wp-content\\\/uploads\\\/sites\\\/573\\\/2024\\\/07\\\/cropped-cdn.worldvectorlogo.com_logos_jack-jones-2.svg_.png\",\"width\":2500,\"height\":274,\"caption\":\"Jack &amp; Jones Badajoz\"},\"image\":{\"@id\":\"https:\\\/\\\/jackjonesbadajoz.com\\\/#\\\/schema\\\/logo\\\/image\\\/\"}}]}<\/script>\n<!-- \/ Yoast SEO plugin. -->","yoast_head_json":{"title":"Pol\u00edtica de devoluciones - Jack &amp; Jones Badajoz","robots":{"index":"index","follow":"follow","max-snippet":"max-snippet:-1","max-image-preview":"max-image-preview:large","max-video-preview":"max-video-preview:-1"},"canonical":"https:\/\/jackjonesbadajoz.com\/en\/politica-de-devoluciones\/","og_locale":"en_US","og_type":"article","og_title":"Pol\u00edtica de devoluciones - Jack &amp; Jones Badajoz","og_description":"pol\u00edtica de devoluciones \u00bfQu\u00e9 debo hacer para devolver un art\u00edculo? \u00bfC\u00f3mo puedo obtener una nueva etiqueta de devoluci\u00f3n? Si ya necesitas una nueva etiqueta, puedes crearla f\u00e1cilmente por ti mismo registrando tu devoluci\u00f3n a trav\u00e9s del portal de devoluciones. Si devuelve la mercanc\u00eda utilizando nuestra etiqueta de devoluci\u00f3n, se le cobrar\u00e1 un importe de 1.99 ... Read more","og_url":"https:\/\/jackjonesbadajoz.com\/en\/politica-de-devoluciones\/","og_site_name":"Jack &amp; Jones Badajoz","article_modified_time":"2024-10-30T11:10:37+00:00","og_image":[{"url":"https:\/\/support.jackjones.com\/hc\/article_attachments\/27923299019281","type":"","width":"","height":""}],"twitter_card":"summary_large_image","twitter_misc":{"Est. reading time":"2 minutes"},"schema":{"@context":"https:\/\/schema.org","@graph":[{"@type":"WebPage","@id":"https:\/\/jackjonesbadajoz.com\/politica-de-devoluciones\/","url":"https:\/\/jackjonesbadajoz.com\/politica-de-devoluciones\/","name":"Pol\u00edtica de devoluciones - Jack &amp; Jones Badajoz","isPartOf":{"@id":"https:\/\/jackjonesbadajoz.com\/#website"},"primaryImageOfPage":{"@id":"https:\/\/jackjonesbadajoz.com\/politica-de-devoluciones\/#primaryimage"},"image":{"@id":"https:\/\/jackjonesbadajoz.com\/politica-de-devoluciones\/#primaryimage"},"thumbnailUrl":"https:\/\/support.jackjones.com\/hc\/article_attachments\/27923299019281","datePublished":"2024-10-25T10:52:17+00:00","dateModified":"2024-10-30T11:10:37+00:00","breadcrumb":{"@id":"https:\/\/jackjonesbadajoz.com\/politica-de-devoluciones\/#breadcrumb"},"inLanguage":"en-US","potentialAction":[{"@type":"ReadAction","target":["https:\/\/jackjonesbadajoz.com\/politica-de-devoluciones\/"]}]},{"@type":"ImageObject","inLanguage":"en-US","@id":"https:\/\/jackjonesbadajoz.com\/politica-de-devoluciones\/#primaryimage","url":"https:\/\/support.jackjones.com\/hc\/article_attachments\/27923299019281","contentUrl":"https:\/\/support.jackjones.com\/hc\/article_attachments\/27923299019281"},{"@type":"BreadcrumbList","@id":"https:\/\/jackjonesbadajoz.com\/politica-de-devoluciones\/#breadcrumb","itemListElement":[{"@type":"ListItem","position":1,"name":"Portada","item":"https:\/\/jackjonesbadajoz.com\/"},{"@type":"ListItem","position":2,"name":"Pol\u00edtica de devoluciones"}]},{"@type":"WebSite","@id":"https:\/\/jackjonesbadajoz.com\/#website","url":"https:\/\/jackjonesbadajoz.com\/","name":"Jack &amp; Jones Badajoz","description":"Tiendas Jack &amp; Jones Badajoz","publisher":{"@id":"https:\/\/jackjonesbadajoz.com\/#organization"},"potentialAction":[{"@type":"SearchAction","target":{"@type":"EntryPoint","urlTemplate":"https:\/\/jackjonesbadajoz.com\/?s={search_term_string}"},"query-input":{"@type":"PropertyValueSpecification","valueRequired":true,"valueName":"search_term_string"}}],"inLanguage":"en-US"},{"@type":"Organization","@id":"https:\/\/jackjonesbadajoz.com\/#organization","name":"Jack &amp; Jones Badajoz","url":"https:\/\/jackjonesbadajoz.com\/","logo":{"@type":"ImageObject","inLanguage":"en-US","@id":"https:\/\/jackjonesbadajoz.com\/#\/schema\/logo\/image\/","url":"https:\/\/jackjonesbadajoz.com\/wp-content\/uploads\/sites\/573\/2024\/07\/cropped-cdn.worldvectorlogo.com_logos_jack-jones-2.svg_.png","contentUrl":"https:\/\/jackjonesbadajoz.com\/wp-content\/uploads\/sites\/573\/2024\/07\/cropped-cdn.worldvectorlogo.com_logos_jack-jones-2.svg_.png","width":2500,"height":274,"caption":"Jack &amp; Jones Badajoz"},"image":{"@id":"https:\/\/jackjonesbadajoz.com\/#\/schema\/logo\/image\/"}}]}},"jetpack_sharing_enabled":true,"_links":{"self":[{"href":"https:\/\/jackjonesbadajoz.com\/en\/wp-json\/wp\/v2\/pages\/5877","targetHints":{"allow":["GET"]}}],"collection":[{"href":"https:\/\/jackjonesbadajoz.com\/en\/wp-json\/wp\/v2\/pages"}],"about":[{"href":"https:\/\/jackjonesbadajoz.com\/en\/wp-json\/wp\/v2\/types\/page"}],"author":[{"embeddable":true,"href":"https:\/\/jackjonesbadajoz.com\/en\/wp-json\/wp\/v2\/users\/135"}],"replies":[{"embeddable":true,"href":"https:\/\/jackjonesbadajoz.com\/en\/wp-json\/wp\/v2\/comments?post=5877"}],"version-history":[{"count":0,"href":"https:\/\/jackjonesbadajoz.com\/en\/wp-json\/wp\/v2\/pages\/5877\/revisions"}],"wp:attachment":[{"href":"https:\/\/jackjonesbadajoz.com\/en\/wp-json\/wp\/v2\/media?parent=5877"}],"curies":[{"name":"wp","href":"https:\/\/api.w.org\/{rel}","templated":true}]}}