{"id":3984,"date":"2024-08-07T14:46:18","date_gmt":"2024-08-07T12:46:18","guid":{"rendered":"https:\/\/sites5.digitalya.es\/jackjonesbadajoz.com\/producto\/calcetines-invisibles-unisex\/"},"modified":"2024-08-23T15:39:59","modified_gmt":"2024-08-23T13:39:59","slug":"calcetines-invisibles-unisex","status":"publish","type":"product","link":"https:\/\/jackjonesbadajoz.com\/en\/product\/calcetines-invisibles-unisex\/","title":{"rendered":"Calcetines invisibles unisex"},"content":{"rendered":"<p><strong>Caracter\u00edsticas:<\/strong><br \/>\n<strong>Composici\u00f3n:<\/strong><br \/>\n<strong>Instrucciones de cuidado:<\/strong><\/p>","protected":false},"excerpt":{"rendered":"<p>Los <strong>calcetines invisibles unisex<\/strong> son la soluci\u00f3n perfecta para quienes buscan comodidad y discreci\u00f3n. Ideales para llevar con cualquier tipo de calzado, ofrecen un ajuste c\u00f3modo sin sacrificar el estilo. \u00a1Descubre nuestra selecci\u00f3n en <strong>jackjonesbadajoz.com<\/strong>! \ud83e\udde6<\/p>","protected":false},"featured_media":5467,"template":"","meta":[],"product_brand":[],"product_cat":[86],"product_tag":[],"class_list":{"0":"post-3984","1":"product","2":"type-product","3":"status-publish","4":"has-post-thumbnail","6":"product_cat-calcetines-calcetines","8":"first","9":"instock","10":"shipping-taxable","11":"purchasable","12":"product-type-variable","13":"add-to-wishlist-after_add_to_cart"},"yoast_head":"<!-- This site is optimized with the Yoast SEO plugin v27.4 - https:\/\/yoast.com\/product\/yoast-seo-wordpress\/ -->\n<title>Calcetines invisibles unisex - Jack &amp; Jones Badajoz<\/title>\n<meta name=\"description\" content=\"Los calcetines invisibles unisex son perfectos para llevar con tus zapatos favoritos sin que se vean, brindando una sensaci\u00f3n de frescura y comodidad. Disponibles en varios colores y tallas, son ideales para cualquier ocasi\u00f3n. \u00a1Cons\u00edguelos en jackandjonesbadajoz.com ! \ud83e\udde6\" \/>\n<meta name=\"robots\" content=\"index, follow, max-snippet:-1, max-image-preview:large, max-video-preview:-1\" \/>\n<link rel=\"canonical\" href=\"https:\/\/jackjonesbadajoz.com\/en\/product\/calcetines-invisibles-unisex\/\" \/>\n<meta property=\"og:locale\" content=\"en_US\" \/>\n<meta property=\"og:type\" content=\"article\" \/>\n<meta property=\"og:title\" content=\"Calcetines invisibles unisex - Jack &amp; Jones Badajoz\" \/>\n<meta property=\"og:description\" content=\"Los calcetines invisibles unisex son perfectos para llevar con tus zapatos favoritos sin que se vean, brindando una sensaci\u00f3n de frescura y comodidad. Disponibles en varios colores y tallas, son ideales para cualquier ocasi\u00f3n. \u00a1Cons\u00edguelos en jackandjonesbadajoz.com ! \ud83e\udde6\" \/>\n<meta property=\"og:url\" content=\"https:\/\/jackjonesbadajoz.com\/en\/product\/calcetines-invisibles-unisex\/\" \/>\n<meta property=\"og:site_name\" content=\"Jack &amp; Jones Badajoz\" \/>\n<meta property=\"article:modified_time\" content=\"2024-08-23T13:39:59+00:00\" \/>\n<meta property=\"og:image\" content=\"https:\/\/jackjonesbadajoz.com\/wp-content\/uploads\/sites\/573\/2024\/08\/jj__4540090__front-4.png\" \/>\n\t<meta property=\"og:image:width\" content=\"400\" \/>\n\t<meta property=\"og:image:height\" content=\"533\" \/>\n\t<meta property=\"og:image:type\" content=\"image\/png\" \/>\n<meta name=\"twitter:card\" content=\"summary_large_image\" \/>\n<meta name=\"twitter:label1\" content=\"Est. reading time\" \/>\n\t<meta name=\"twitter:data1\" content=\"1 minute\" \/>\n<script type=\"application\/ld+json\" class=\"yoast-schema-graph\">{\"@context\":\"https:\\\/\\\/schema.org\",\"@graph\":[{\"@type\":\"WebPage\",\"@id\":\"https:\\\/\\\/jackjonesbadajoz.com\\\/producto\\\/calcetines-invisibles-unisex\\\/\",\"url\":\"https:\\\/\\\/jackjonesbadajoz.com\\\/producto\\\/calcetines-invisibles-unisex\\\/\",\"name\":\"Calcetines invisibles unisex - Jack &amp; Jones Badajoz\",\"isPartOf\":{\"@id\":\"https:\\\/\\\/jackjonesbadajoz.com\\\/#website\"},\"primaryImageOfPage\":{\"@id\":\"https:\\\/\\\/jackjonesbadajoz.com\\\/producto\\\/calcetines-invisibles-unisex\\\/#primaryimage\"},\"image\":{\"@id\":\"https:\\\/\\\/jackjonesbadajoz.com\\\/producto\\\/calcetines-invisibles-unisex\\\/#primaryimage\"},\"thumbnailUrl\":\"https:\\\/\\\/jackjonesbadajoz.com\\\/wp-content\\\/uploads\\\/sites\\\/573\\\/2024\\\/08\\\/jj__4540090__front-4.png\",\"datePublished\":\"2024-08-07T12:46:18+00:00\",\"dateModified\":\"2024-08-23T13:39:59+00:00\",\"description\":\"Los calcetines invisibles unisex son perfectos para llevar con tus zapatos favoritos sin que se vean, brindando una sensaci\u00f3n de frescura y comodidad. Disponibles en varios colores y tallas, son ideales para cualquier ocasi\u00f3n. \u00a1Cons\u00edguelos en jackandjonesbadajoz.com ! \ud83e\udde6\",\"breadcrumb\":{\"@id\":\"https:\\\/\\\/jackjonesbadajoz.com\\\/producto\\\/calcetines-invisibles-unisex\\\/#breadcrumb\"},\"inLanguage\":\"en-US\",\"potentialAction\":[{\"@type\":\"ReadAction\",\"target\":[\"https:\\\/\\\/jackjonesbadajoz.com\\\/producto\\\/calcetines-invisibles-unisex\\\/\"]}]},{\"@type\":\"ImageObject\",\"inLanguage\":\"en-US\",\"@id\":\"https:\\\/\\\/jackjonesbadajoz.com\\\/producto\\\/calcetines-invisibles-unisex\\\/#primaryimage\",\"url\":\"https:\\\/\\\/jackjonesbadajoz.com\\\/wp-content\\\/uploads\\\/sites\\\/573\\\/2024\\\/08\\\/jj__4540090__front-4.png\",\"contentUrl\":\"https:\\\/\\\/jackjonesbadajoz.com\\\/wp-content\\\/uploads\\\/sites\\\/573\\\/2024\\\/08\\\/jj__4540090__front-4.png\",\"width\":400,\"height\":533},{\"@type\":\"BreadcrumbList\",\"@id\":\"https:\\\/\\\/jackjonesbadajoz.com\\\/producto\\\/calcetines-invisibles-unisex\\\/#breadcrumb\",\"itemListElement\":[{\"@type\":\"ListItem\",\"position\":1,\"name\":\"Portada\",\"item\":\"https:\\\/\\\/jackjonesbadajoz.com\\\/\"},{\"@type\":\"ListItem\",\"position\":2,\"name\":\"Tienda\",\"item\":\"https:\\\/\\\/jackjonesbadajoz.com\\\/tienda\\\/\"},{\"@type\":\"ListItem\",\"position\":3,\"name\":\"Calcetines invisibles unisex\"}]},{\"@type\":\"WebSite\",\"@id\":\"https:\\\/\\\/jackjonesbadajoz.com\\\/#website\",\"url\":\"https:\\\/\\\/jackjonesbadajoz.com\\\/\",\"name\":\"Jack &amp; Jones Badajoz\",\"description\":\"Tiendas Jack &amp; Jones Badajoz\",\"publisher\":{\"@id\":\"https:\\\/\\\/jackjonesbadajoz.com\\\/#organization\"},\"potentialAction\":[{\"@type\":\"SearchAction\",\"target\":{\"@type\":\"EntryPoint\",\"urlTemplate\":\"https:\\\/\\\/jackjonesbadajoz.com\\\/?s={search_term_string}\"},\"query-input\":{\"@type\":\"PropertyValueSpecification\",\"valueRequired\":true,\"valueName\":\"search_term_string\"}}],\"inLanguage\":\"en-US\"},{\"@type\":\"Organization\",\"@id\":\"https:\\\/\\\/jackjonesbadajoz.com\\\/#organization\",\"name\":\"Jack &amp; Jones Badajoz\",\"url\":\"https:\\\/\\\/jackjonesbadajoz.com\\\/\",\"logo\":{\"@type\":\"ImageObject\",\"inLanguage\":\"en-US\",\"@id\":\"https:\\\/\\\/jackjonesbadajoz.com\\\/#\\\/schema\\\/logo\\\/image\\\/\",\"url\":\"https:\\\/\\\/jackjonesbadajoz.com\\\/wp-content\\\/uploads\\\/sites\\\/573\\\/2024\\\/07\\\/cropped-cdn.worldvectorlogo.com_logos_jack-jones-2.svg_.png\",\"contentUrl\":\"https:\\\/\\\/jackjonesbadajoz.com\\\/wp-content\\\/uploads\\\/sites\\\/573\\\/2024\\\/07\\\/cropped-cdn.worldvectorlogo.com_logos_jack-jones-2.svg_.png\",\"width\":2500,\"height\":274,\"caption\":\"Jack &amp; Jones Badajoz\"},\"image\":{\"@id\":\"https:\\\/\\\/jackjonesbadajoz.com\\\/#\\\/schema\\\/logo\\\/image\\\/\"}}]}<\/script>\n<!-- \/ Yoast SEO plugin. -->","yoast_head_json":{"title":"Calcetines invisibles unisex - Jack &amp; Jones Badajoz","description":"Los calcetines invisibles unisex son perfectos para llevar con tus zapatos favoritos sin que se vean, brindando una sensaci\u00f3n de frescura y comodidad. Disponibles en varios colores y tallas, son ideales para cualquier ocasi\u00f3n. \u00a1Cons\u00edguelos en jackandjonesbadajoz.com ! \ud83e\udde6","robots":{"index":"index","follow":"follow","max-snippet":"max-snippet:-1","max-image-preview":"max-image-preview:large","max-video-preview":"max-video-preview:-1"},"canonical":"https:\/\/jackjonesbadajoz.com\/en\/product\/calcetines-invisibles-unisex\/","og_locale":"en_US","og_type":"article","og_title":"Calcetines invisibles unisex - Jack &amp; Jones Badajoz","og_description":"Los calcetines invisibles unisex son perfectos para llevar con tus zapatos favoritos sin que se vean, brindando una sensaci\u00f3n de frescura y comodidad. Disponibles en varios colores y tallas, son ideales para cualquier ocasi\u00f3n. \u00a1Cons\u00edguelos en jackandjonesbadajoz.com ! \ud83e\udde6","og_url":"https:\/\/jackjonesbadajoz.com\/en\/product\/calcetines-invisibles-unisex\/","og_site_name":"Jack &amp; Jones Badajoz","article_modified_time":"2024-08-23T13:39:59+00:00","og_image":[{"width":400,"height":533,"url":"https:\/\/jackjonesbadajoz.com\/wp-content\/uploads\/sites\/573\/2024\/08\/jj__4540090__front-4.png","type":"image\/png"}],"twitter_card":"summary_large_image","twitter_misc":{"Est. reading time":"1 minute"},"schema":{"@context":"https:\/\/schema.org","@graph":[{"@type":"WebPage","@id":"https:\/\/jackjonesbadajoz.com\/producto\/calcetines-invisibles-unisex\/","url":"https:\/\/jackjonesbadajoz.com\/producto\/calcetines-invisibles-unisex\/","name":"Calcetines invisibles unisex - Jack &amp; Jones Badajoz","isPartOf":{"@id":"https:\/\/jackjonesbadajoz.com\/#website"},"primaryImageOfPage":{"@id":"https:\/\/jackjonesbadajoz.com\/producto\/calcetines-invisibles-unisex\/#primaryimage"},"image":{"@id":"https:\/\/jackjonesbadajoz.com\/producto\/calcetines-invisibles-unisex\/#primaryimage"},"thumbnailUrl":"https:\/\/jackjonesbadajoz.com\/wp-content\/uploads\/sites\/573\/2024\/08\/jj__4540090__front-4.png","datePublished":"2024-08-07T12:46:18+00:00","dateModified":"2024-08-23T13:39:59+00:00","description":"Los calcetines invisibles unisex son perfectos para llevar con tus zapatos favoritos sin que se vean, brindando una sensaci\u00f3n de frescura y comodidad. Disponibles en varios colores y tallas, son ideales para cualquier ocasi\u00f3n. \u00a1Cons\u00edguelos en jackandjonesbadajoz.com ! \ud83e\udde6","breadcrumb":{"@id":"https:\/\/jackjonesbadajoz.com\/producto\/calcetines-invisibles-unisex\/#breadcrumb"},"inLanguage":"en-US","potentialAction":[{"@type":"ReadAction","target":["https:\/\/jackjonesbadajoz.com\/producto\/calcetines-invisibles-unisex\/"]}]},{"@type":"ImageObject","inLanguage":"en-US","@id":"https:\/\/jackjonesbadajoz.com\/producto\/calcetines-invisibles-unisex\/#primaryimage","url":"https:\/\/jackjonesbadajoz.com\/wp-content\/uploads\/sites\/573\/2024\/08\/jj__4540090__front-4.png","contentUrl":"https:\/\/jackjonesbadajoz.com\/wp-content\/uploads\/sites\/573\/2024\/08\/jj__4540090__front-4.png","width":400,"height":533},{"@type":"BreadcrumbList","@id":"https:\/\/jackjonesbadajoz.com\/producto\/calcetines-invisibles-unisex\/#breadcrumb","itemListElement":[{"@type":"ListItem","position":1,"name":"Portada","item":"https:\/\/jackjonesbadajoz.com\/"},{"@type":"ListItem","position":2,"name":"Tienda","item":"https:\/\/jackjonesbadajoz.com\/tienda\/"},{"@type":"ListItem","position":3,"name":"Calcetines invisibles unisex"}]},{"@type":"WebSite","@id":"https:\/\/jackjonesbadajoz.com\/#website","url":"https:\/\/jackjonesbadajoz.com\/","name":"Jack &amp; Jones Badajoz","description":"Tiendas Jack &amp; Jones Badajoz","publisher":{"@id":"https:\/\/jackjonesbadajoz.com\/#organization"},"potentialAction":[{"@type":"SearchAction","target":{"@type":"EntryPoint","urlTemplate":"https:\/\/jackjonesbadajoz.com\/?s={search_term_string}"},"query-input":{"@type":"PropertyValueSpecification","valueRequired":true,"valueName":"search_term_string"}}],"inLanguage":"en-US"},{"@type":"Organization","@id":"https:\/\/jackjonesbadajoz.com\/#organization","name":"Jack &amp; Jones Badajoz","url":"https:\/\/jackjonesbadajoz.com\/","logo":{"@type":"ImageObject","inLanguage":"en-US","@id":"https:\/\/jackjonesbadajoz.com\/#\/schema\/logo\/image\/","url":"https:\/\/jackjonesbadajoz.com\/wp-content\/uploads\/sites\/573\/2024\/07\/cropped-cdn.worldvectorlogo.com_logos_jack-jones-2.svg_.png","contentUrl":"https:\/\/jackjonesbadajoz.com\/wp-content\/uploads\/sites\/573\/2024\/07\/cropped-cdn.worldvectorlogo.com_logos_jack-jones-2.svg_.png","width":2500,"height":274,"caption":"Jack &amp; Jones Badajoz"},"image":{"@id":"https:\/\/jackjonesbadajoz.com\/#\/schema\/logo\/image\/"}}]}},"jetpack_sharing_enabled":true,"_links":{"self":[{"href":"https:\/\/jackjonesbadajoz.com\/en\/wp-json\/wp\/v2\/product\/3984","targetHints":{"allow":["GET"]}}],"collection":[{"href":"https:\/\/jackjonesbadajoz.com\/en\/wp-json\/wp\/v2\/product"}],"about":[{"href":"https:\/\/jackjonesbadajoz.com\/en\/wp-json\/wp\/v2\/types\/product"}],"wp:featuredmedia":[{"embeddable":true,"href":"https:\/\/jackjonesbadajoz.com\/en\/wp-json\/wp\/v2\/media\/5467"}],"wp:attachment":[{"href":"https:\/\/jackjonesbadajoz.com\/en\/wp-json\/wp\/v2\/media?parent=3984"}],"wp:term":[{"taxonomy":"product_brand","embeddable":true,"href":"https:\/\/jackjonesbadajoz.com\/en\/wp-json\/wp\/v2\/product_brand?post=3984"},{"taxonomy":"product_cat","embeddable":true,"href":"https:\/\/jackjonesbadajoz.com\/en\/wp-json\/wp\/v2\/product_cat?post=3984"},{"taxonomy":"product_tag","embeddable":true,"href":"https:\/\/jackjonesbadajoz.com\/en\/wp-json\/wp\/v2\/product_tag?post=3984"}],"curies":[{"name":"wp","href":"https:\/\/api.w.org\/{rel}","templated":true}]}}