{"id":3993,"date":"2024-08-07T14:46:25","date_gmt":"2024-08-07T12:46:25","guid":{"rendered":"https:\/\/sites5.digitalya.es\/jackjonesbadajoz.com\/producto\/calcetines-largos-unisex-2\/"},"modified":"2024-08-28T15:51:52","modified_gmt":"2024-08-28T13:51:52","slug":"calcetines-largos-unisex-2","status":"publish","type":"product","link":"https:\/\/jackjonesbadajoz.com\/en\/product\/calcetines-largos-unisex-2\/","title":{"rendered":"Calcetines largos unisex"},"content":{"rendered":"<p><strong>Caracter\u00edsticas:<\/strong><br \/>\n<strong>Composici\u00f3n:<\/strong><br \/>\n<strong>Instrucciones de cuidado:<\/strong><\/p>","protected":false},"excerpt":{"rendered":"<p>Los <strong>calcetines largos unisex<\/strong> est\u00e1n dise\u00f1ados para ofrecer comodidad y estilo. Ideales para mantener tus pies calientes y dar un toque divertido a tus outfits. Compatible con cualquier calzado, son una opci\u00f3n perfecta para el d\u00eda a d\u00eda o para ocasiones especiales. \u00a1Descubre nuestros modelos en <strong>jackjonesbadajoz.com<\/strong>! \ud83e\udde6<\/p>","protected":false},"featured_media":5452,"template":"","meta":[],"product_brand":[],"product_cat":[86],"product_tag":[],"class_list":{"0":"post-3993","1":"product","2":"type-product","3":"status-publish","4":"has-post-thumbnail","6":"product_cat-calcetines-calcetines","8":"first","9":"instock","10":"shipping-taxable","11":"purchasable","12":"product-type-variable","13":"add-to-wishlist-after_add_to_cart"},"yoast_head":"<!-- This site is optimized with the Yoast SEO plugin v27.4 - https:\/\/yoast.com\/product\/yoast-seo-wordpress\/ -->\n<title>Calcetines largos unisex - Jack &amp; Jones Badajoz<\/title>\n<meta name=\"description\" content=\"Disfruta de la suavidad y el soporte que tus pies merecen. Vis\u00edtanos y adquiere los tuyos en jackandjonesbadajoz.com ! \ud83e\udde6\" \/>\n<meta name=\"robots\" content=\"index, follow, max-snippet:-1, max-image-preview:large, max-video-preview:-1\" \/>\n<link rel=\"canonical\" href=\"https:\/\/jackjonesbadajoz.com\/en\/product\/calcetines-largos-unisex-2\/\" \/>\n<meta property=\"og:locale\" content=\"en_US\" \/>\n<meta property=\"og:type\" content=\"article\" \/>\n<meta property=\"og:title\" content=\"Calcetines largos unisex - Jack &amp; Jones Badajoz\" \/>\n<meta property=\"og:description\" content=\"Disfruta de la suavidad y el soporte que tus pies merecen. Vis\u00edtanos y adquiere los tuyos en jackandjonesbadajoz.com ! \ud83e\udde6\" \/>\n<meta property=\"og:url\" content=\"https:\/\/jackjonesbadajoz.com\/en\/product\/calcetines-largos-unisex-2\/\" \/>\n<meta property=\"og:site_name\" content=\"Jack &amp; Jones Badajoz\" \/>\n<meta property=\"article:modified_time\" content=\"2024-08-28T13:51:52+00:00\" \/>\n<meta property=\"og:image\" content=\"https:\/\/jackjonesbadajoz.com\/wp-content\/uploads\/sites\/573\/2024\/08\/jj__1622118__detail.jpg\" \/>\n\t<meta property=\"og:image:width\" content=\"400\" \/>\n\t<meta property=\"og:image:height\" content=\"500\" \/>\n\t<meta property=\"og:image:type\" content=\"image\/jpeg\" \/>\n<meta name=\"twitter:card\" content=\"summary_large_image\" \/>\n<meta name=\"twitter:label1\" content=\"Est. reading time\" \/>\n\t<meta name=\"twitter:data1\" content=\"1 minute\" \/>\n<script type=\"application\/ld+json\" class=\"yoast-schema-graph\">{\"@context\":\"https:\\\/\\\/schema.org\",\"@graph\":[{\"@type\":\"WebPage\",\"@id\":\"https:\\\/\\\/jackjonesbadajoz.com\\\/en\\\/product\\\/calcetines-largos-unisex-2\\\/\",\"url\":\"https:\\\/\\\/jackjonesbadajoz.com\\\/en\\\/product\\\/calcetines-largos-unisex-2\\\/\",\"name\":\"Calcetines largos unisex - Jack &amp; Jones Badajoz\",\"isPartOf\":{\"@id\":\"https:\\\/\\\/jackjonesbadajoz.com\\\/#website\"},\"primaryImageOfPage\":{\"@id\":\"https:\\\/\\\/jackjonesbadajoz.com\\\/en\\\/product\\\/calcetines-largos-unisex-2\\\/#primaryimage\"},\"image\":{\"@id\":\"https:\\\/\\\/jackjonesbadajoz.com\\\/en\\\/product\\\/calcetines-largos-unisex-2\\\/#primaryimage\"},\"thumbnailUrl\":\"https:\\\/\\\/jackjonesbadajoz.com\\\/wp-content\\\/uploads\\\/sites\\\/573\\\/2024\\\/08\\\/jj__1622118__detail.jpg\",\"datePublished\":\"2024-08-07T12:46:25+00:00\",\"dateModified\":\"2024-08-28T13:51:52+00:00\",\"description\":\"Disfruta de la suavidad y el soporte que tus pies merecen. Vis\u00edtanos y adquiere los tuyos en jackandjonesbadajoz.com ! \ud83e\udde6\",\"breadcrumb\":{\"@id\":\"https:\\\/\\\/jackjonesbadajoz.com\\\/en\\\/product\\\/calcetines-largos-unisex-2\\\/#breadcrumb\"},\"inLanguage\":\"en-US\",\"potentialAction\":[{\"@type\":\"ReadAction\",\"target\":[\"https:\\\/\\\/jackjonesbadajoz.com\\\/en\\\/product\\\/calcetines-largos-unisex-2\\\/\"]}]},{\"@type\":\"ImageObject\",\"inLanguage\":\"en-US\",\"@id\":\"https:\\\/\\\/jackjonesbadajoz.com\\\/en\\\/product\\\/calcetines-largos-unisex-2\\\/#primaryimage\",\"url\":\"https:\\\/\\\/jackjonesbadajoz.com\\\/wp-content\\\/uploads\\\/sites\\\/573\\\/2024\\\/08\\\/jj__1622118__detail.jpg\",\"contentUrl\":\"https:\\\/\\\/jackjonesbadajoz.com\\\/wp-content\\\/uploads\\\/sites\\\/573\\\/2024\\\/08\\\/jj__1622118__detail.jpg\",\"width\":400,\"height\":500},{\"@type\":\"BreadcrumbList\",\"@id\":\"https:\\\/\\\/jackjonesbadajoz.com\\\/en\\\/product\\\/calcetines-largos-unisex-2\\\/#breadcrumb\",\"itemListElement\":[{\"@type\":\"ListItem\",\"position\":1,\"name\":\"Portada\",\"item\":\"https:\\\/\\\/jackjonesbadajoz.com\\\/\"},{\"@type\":\"ListItem\",\"position\":2,\"name\":\"Tienda\",\"item\":\"https:\\\/\\\/jackjonesbadajoz.com\\\/tienda\\\/\"},{\"@type\":\"ListItem\",\"position\":3,\"name\":\"Calcetines largos unisex\"}]},{\"@type\":\"WebSite\",\"@id\":\"https:\\\/\\\/jackjonesbadajoz.com\\\/#website\",\"url\":\"https:\\\/\\\/jackjonesbadajoz.com\\\/\",\"name\":\"Jack &amp; Jones Badajoz\",\"description\":\"Tiendas Jack &amp; Jones Badajoz\",\"publisher\":{\"@id\":\"https:\\\/\\\/jackjonesbadajoz.com\\\/#organization\"},\"potentialAction\":[{\"@type\":\"SearchAction\",\"target\":{\"@type\":\"EntryPoint\",\"urlTemplate\":\"https:\\\/\\\/jackjonesbadajoz.com\\\/?s={search_term_string}\"},\"query-input\":{\"@type\":\"PropertyValueSpecification\",\"valueRequired\":true,\"valueName\":\"search_term_string\"}}],\"inLanguage\":\"en-US\"},{\"@type\":\"Organization\",\"@id\":\"https:\\\/\\\/jackjonesbadajoz.com\\\/#organization\",\"name\":\"Jack &amp; Jones Badajoz\",\"url\":\"https:\\\/\\\/jackjonesbadajoz.com\\\/\",\"logo\":{\"@type\":\"ImageObject\",\"inLanguage\":\"en-US\",\"@id\":\"https:\\\/\\\/jackjonesbadajoz.com\\\/#\\\/schema\\\/logo\\\/image\\\/\",\"url\":\"https:\\\/\\\/jackjonesbadajoz.com\\\/wp-content\\\/uploads\\\/sites\\\/573\\\/2024\\\/07\\\/cropped-cdn.worldvectorlogo.com_logos_jack-jones-2.svg_.png\",\"contentUrl\":\"https:\\\/\\\/jackjonesbadajoz.com\\\/wp-content\\\/uploads\\\/sites\\\/573\\\/2024\\\/07\\\/cropped-cdn.worldvectorlogo.com_logos_jack-jones-2.svg_.png\",\"width\":2500,\"height\":274,\"caption\":\"Jack &amp; Jones Badajoz\"},\"image\":{\"@id\":\"https:\\\/\\\/jackjonesbadajoz.com\\\/#\\\/schema\\\/logo\\\/image\\\/\"}}]}<\/script>\n<!-- \/ Yoast SEO plugin. -->","yoast_head_json":{"title":"Calcetines largos unisex - Jack &amp; Jones Badajoz","description":"Disfruta de la suavidad y el soporte que tus pies merecen. Vis\u00edtanos y adquiere los tuyos en jackandjonesbadajoz.com ! \ud83e\udde6","robots":{"index":"index","follow":"follow","max-snippet":"max-snippet:-1","max-image-preview":"max-image-preview:large","max-video-preview":"max-video-preview:-1"},"canonical":"https:\/\/jackjonesbadajoz.com\/en\/product\/calcetines-largos-unisex-2\/","og_locale":"en_US","og_type":"article","og_title":"Calcetines largos unisex - Jack &amp; Jones Badajoz","og_description":"Disfruta de la suavidad y el soporte que tus pies merecen. Vis\u00edtanos y adquiere los tuyos en jackandjonesbadajoz.com ! \ud83e\udde6","og_url":"https:\/\/jackjonesbadajoz.com\/en\/product\/calcetines-largos-unisex-2\/","og_site_name":"Jack &amp; Jones Badajoz","article_modified_time":"2024-08-28T13:51:52+00:00","og_image":[{"width":400,"height":500,"url":"https:\/\/jackjonesbadajoz.com\/wp-content\/uploads\/sites\/573\/2024\/08\/jj__1622118__detail.jpg","type":"image\/jpeg"}],"twitter_card":"summary_large_image","twitter_misc":{"Est. reading time":"1 minute"},"schema":{"@context":"https:\/\/schema.org","@graph":[{"@type":"WebPage","@id":"https:\/\/jackjonesbadajoz.com\/en\/product\/calcetines-largos-unisex-2\/","url":"https:\/\/jackjonesbadajoz.com\/en\/product\/calcetines-largos-unisex-2\/","name":"Calcetines largos unisex - Jack &amp; Jones Badajoz","isPartOf":{"@id":"https:\/\/jackjonesbadajoz.com\/#website"},"primaryImageOfPage":{"@id":"https:\/\/jackjonesbadajoz.com\/en\/product\/calcetines-largos-unisex-2\/#primaryimage"},"image":{"@id":"https:\/\/jackjonesbadajoz.com\/en\/product\/calcetines-largos-unisex-2\/#primaryimage"},"thumbnailUrl":"https:\/\/jackjonesbadajoz.com\/wp-content\/uploads\/sites\/573\/2024\/08\/jj__1622118__detail.jpg","datePublished":"2024-08-07T12:46:25+00:00","dateModified":"2024-08-28T13:51:52+00:00","description":"Disfruta de la suavidad y el soporte que tus pies merecen. Vis\u00edtanos y adquiere los tuyos en jackandjonesbadajoz.com ! \ud83e\udde6","breadcrumb":{"@id":"https:\/\/jackjonesbadajoz.com\/en\/product\/calcetines-largos-unisex-2\/#breadcrumb"},"inLanguage":"en-US","potentialAction":[{"@type":"ReadAction","target":["https:\/\/jackjonesbadajoz.com\/en\/product\/calcetines-largos-unisex-2\/"]}]},{"@type":"ImageObject","inLanguage":"en-US","@id":"https:\/\/jackjonesbadajoz.com\/en\/product\/calcetines-largos-unisex-2\/#primaryimage","url":"https:\/\/jackjonesbadajoz.com\/wp-content\/uploads\/sites\/573\/2024\/08\/jj__1622118__detail.jpg","contentUrl":"https:\/\/jackjonesbadajoz.com\/wp-content\/uploads\/sites\/573\/2024\/08\/jj__1622118__detail.jpg","width":400,"height":500},{"@type":"BreadcrumbList","@id":"https:\/\/jackjonesbadajoz.com\/en\/product\/calcetines-largos-unisex-2\/#breadcrumb","itemListElement":[{"@type":"ListItem","position":1,"name":"Portada","item":"https:\/\/jackjonesbadajoz.com\/"},{"@type":"ListItem","position":2,"name":"Tienda","item":"https:\/\/jackjonesbadajoz.com\/tienda\/"},{"@type":"ListItem","position":3,"name":"Calcetines largos unisex"}]},{"@type":"WebSite","@id":"https:\/\/jackjonesbadajoz.com\/#website","url":"https:\/\/jackjonesbadajoz.com\/","name":"Jack &amp; Jones Badajoz","description":"Tiendas Jack &amp; Jones Badajoz","publisher":{"@id":"https:\/\/jackjonesbadajoz.com\/#organization"},"potentialAction":[{"@type":"SearchAction","target":{"@type":"EntryPoint","urlTemplate":"https:\/\/jackjonesbadajoz.com\/?s={search_term_string}"},"query-input":{"@type":"PropertyValueSpecification","valueRequired":true,"valueName":"search_term_string"}}],"inLanguage":"en-US"},{"@type":"Organization","@id":"https:\/\/jackjonesbadajoz.com\/#organization","name":"Jack &amp; Jones Badajoz","url":"https:\/\/jackjonesbadajoz.com\/","logo":{"@type":"ImageObject","inLanguage":"en-US","@id":"https:\/\/jackjonesbadajoz.com\/#\/schema\/logo\/image\/","url":"https:\/\/jackjonesbadajoz.com\/wp-content\/uploads\/sites\/573\/2024\/07\/cropped-cdn.worldvectorlogo.com_logos_jack-jones-2.svg_.png","contentUrl":"https:\/\/jackjonesbadajoz.com\/wp-content\/uploads\/sites\/573\/2024\/07\/cropped-cdn.worldvectorlogo.com_logos_jack-jones-2.svg_.png","width":2500,"height":274,"caption":"Jack &amp; Jones Badajoz"},"image":{"@id":"https:\/\/jackjonesbadajoz.com\/#\/schema\/logo\/image\/"}}]}},"jetpack_sharing_enabled":true,"_links":{"self":[{"href":"https:\/\/jackjonesbadajoz.com\/en\/wp-json\/wp\/v2\/product\/3993","targetHints":{"allow":["GET"]}}],"collection":[{"href":"https:\/\/jackjonesbadajoz.com\/en\/wp-json\/wp\/v2\/product"}],"about":[{"href":"https:\/\/jackjonesbadajoz.com\/en\/wp-json\/wp\/v2\/types\/product"}],"wp:featuredmedia":[{"embeddable":true,"href":"https:\/\/jackjonesbadajoz.com\/en\/wp-json\/wp\/v2\/media\/5452"}],"wp:attachment":[{"href":"https:\/\/jackjonesbadajoz.com\/en\/wp-json\/wp\/v2\/media?parent=3993"}],"wp:term":[{"taxonomy":"product_brand","embeddable":true,"href":"https:\/\/jackjonesbadajoz.com\/en\/wp-json\/wp\/v2\/product_brand?post=3993"},{"taxonomy":"product_cat","embeddable":true,"href":"https:\/\/jackjonesbadajoz.com\/en\/wp-json\/wp\/v2\/product_cat?post=3993"},{"taxonomy":"product_tag","embeddable":true,"href":"https:\/\/jackjonesbadajoz.com\/en\/wp-json\/wp\/v2\/product_tag?post=3993"}],"curies":[{"name":"wp","href":"https:\/\/api.w.org\/{rel}","templated":true}]}}