{"id":4004,"date":"2024-08-07T14:46:33","date_gmt":"2024-08-07T12:46:33","guid":{"rendered":"https:\/\/sites5.digitalya.es\/jackjonesbadajoz.com\/producto\/pantalones-cargo-slim\/"},"modified":"2024-09-17T14:46:19","modified_gmt":"2024-09-17T12:46:19","slug":"pantalones-cargo-slim","status":"publish","type":"product","link":"https:\/\/jackjonesbadajoz.com\/en\/product\/pantalones-cargo-slim\/","title":{"rendered":"Pantalones cargo slim"},"content":{"rendered":"<p>\u00ab<strong>Composici\u00f3n:<\/strong> 78% Algod\u00f3n, 20% algod\u00f3n reciclado, 2% elastano<\/p>\n<p><strong>Instrucciones de cuidado:<\/strong><\/p>\n<p>\u00b7 Lavar a una temperatura m\u00e1xima de 40\u00ba<\/p>\n<p>\u00b7 No utilizar lej\u00eda y productos similares.<\/p>\n<p>\u00b7 Se puede planchar\u00bb<\/p>","protected":false},"excerpt":{"rendered":"<p>Los <strong>pantalones cargo slim<\/strong> combinan funcionalidad y estilo, ofreciendo un corte ajustado que se adapta a la silueta. Ideales para un look urbano, su dise\u00f1o incluye m\u00faltiples bolsillos que los hacen pr\u00e1cticos para el d\u00eda a d\u00eda. Comb\u00ednalos con una camiseta b\u00e1sica y zapatillas para un look casual. \u00a1Descubre m\u00e1s en <strong>jackjonesbadajoz.com<\/strong>! \ud83d\udc56<\/p>","protected":false},"featured_media":5424,"template":"","meta":[],"product_brand":[],"product_cat":[95,92],"product_tag":[],"class_list":{"0":"post-4004","1":"product","2":"type-product","3":"status-publish","4":"has-post-thumbnail","6":"product_cat-cargo","7":"product_cat-pantalones","9":"first","10":"instock","11":"shipping-taxable","12":"purchasable","13":"product-type-variable","14":"add-to-wishlist-after_add_to_cart"},"yoast_head":"<!-- This site is optimized with the Yoast SEO plugin v27.4 - https:\/\/yoast.com\/product\/yoast-seo-wordpress\/ -->\n<title>Pantalones cargo slim - Jack &amp; Jones Badajoz<\/title>\n<meta name=\"description\" content=\"Ideales para un look urbano y relajado. Consigue los tuyos en jackandjonesbadajoz.com ! \ud83d\udc56\" \/>\n<meta name=\"robots\" content=\"index, follow, max-snippet:-1, max-image-preview:large, max-video-preview:-1\" \/>\n<link rel=\"canonical\" href=\"https:\/\/jackjonesbadajoz.com\/en\/product\/pantalones-cargo-slim\/\" \/>\n<meta property=\"og:locale\" content=\"en_US\" \/>\n<meta property=\"og:type\" content=\"article\" \/>\n<meta property=\"og:title\" content=\"Pantalones cargo slim - Jack &amp; Jones Badajoz\" \/>\n<meta property=\"og:description\" content=\"Ideales para un look urbano y relajado. Consigue los tuyos en jackandjonesbadajoz.com ! \ud83d\udc56\" \/>\n<meta property=\"og:url\" content=\"https:\/\/jackjonesbadajoz.com\/en\/product\/pantalones-cargo-slim\/\" \/>\n<meta property=\"og:site_name\" content=\"Jack &amp; Jones Badajoz\" \/>\n<meta property=\"article:modified_time\" content=\"2024-09-17T12:46:19+00:00\" \/>\n<meta property=\"og:image\" content=\"https:\/\/jackjonesbadajoz.com\/wp-content\/uploads\/sites\/573\/2024\/08\/jj__4484929__front.png\" \/>\n\t<meta property=\"og:image:width\" content=\"400\" \/>\n\t<meta property=\"og:image:height\" content=\"533\" \/>\n\t<meta property=\"og:image:type\" content=\"image\/png\" \/>\n<meta name=\"twitter:card\" content=\"summary_large_image\" \/>\n<meta name=\"twitter:label1\" content=\"Est. reading time\" \/>\n\t<meta name=\"twitter:data1\" content=\"1 minute\" \/>\n<script type=\"application\/ld+json\" class=\"yoast-schema-graph\">{\"@context\":\"https:\\\/\\\/schema.org\",\"@graph\":[{\"@type\":\"WebPage\",\"@id\":\"https:\\\/\\\/jackjonesbadajoz.com\\\/producto\\\/pantalones-cargo-slim\\\/\",\"url\":\"https:\\\/\\\/jackjonesbadajoz.com\\\/producto\\\/pantalones-cargo-slim\\\/\",\"name\":\"Pantalones cargo slim - Jack &amp; Jones Badajoz\",\"isPartOf\":{\"@id\":\"https:\\\/\\\/jackjonesbadajoz.com\\\/#website\"},\"primaryImageOfPage\":{\"@id\":\"https:\\\/\\\/jackjonesbadajoz.com\\\/producto\\\/pantalones-cargo-slim\\\/#primaryimage\"},\"image\":{\"@id\":\"https:\\\/\\\/jackjonesbadajoz.com\\\/producto\\\/pantalones-cargo-slim\\\/#primaryimage\"},\"thumbnailUrl\":\"https:\\\/\\\/jackjonesbadajoz.com\\\/wp-content\\\/uploads\\\/sites\\\/573\\\/2024\\\/08\\\/jj__4484929__front.png\",\"datePublished\":\"2024-08-07T12:46:33+00:00\",\"dateModified\":\"2024-09-17T12:46:19+00:00\",\"description\":\"Ideales para un look urbano y relajado. Consigue los tuyos en jackandjonesbadajoz.com ! \ud83d\udc56\",\"breadcrumb\":{\"@id\":\"https:\\\/\\\/jackjonesbadajoz.com\\\/producto\\\/pantalones-cargo-slim\\\/#breadcrumb\"},\"inLanguage\":\"en-US\",\"potentialAction\":[{\"@type\":\"ReadAction\",\"target\":[\"https:\\\/\\\/jackjonesbadajoz.com\\\/producto\\\/pantalones-cargo-slim\\\/\"]}]},{\"@type\":\"ImageObject\",\"inLanguage\":\"en-US\",\"@id\":\"https:\\\/\\\/jackjonesbadajoz.com\\\/producto\\\/pantalones-cargo-slim\\\/#primaryimage\",\"url\":\"https:\\\/\\\/jackjonesbadajoz.com\\\/wp-content\\\/uploads\\\/sites\\\/573\\\/2024\\\/08\\\/jj__4484929__front.png\",\"contentUrl\":\"https:\\\/\\\/jackjonesbadajoz.com\\\/wp-content\\\/uploads\\\/sites\\\/573\\\/2024\\\/08\\\/jj__4484929__front.png\",\"width\":400,\"height\":533},{\"@type\":\"BreadcrumbList\",\"@id\":\"https:\\\/\\\/jackjonesbadajoz.com\\\/producto\\\/pantalones-cargo-slim\\\/#breadcrumb\",\"itemListElement\":[{\"@type\":\"ListItem\",\"position\":1,\"name\":\"Portada\",\"item\":\"https:\\\/\\\/jackjonesbadajoz.com\\\/\"},{\"@type\":\"ListItem\",\"position\":2,\"name\":\"Tienda\",\"item\":\"https:\\\/\\\/jackjonesbadajoz.com\\\/tienda\\\/\"},{\"@type\":\"ListItem\",\"position\":3,\"name\":\"Pantalones cargo slim\"}]},{\"@type\":\"WebSite\",\"@id\":\"https:\\\/\\\/jackjonesbadajoz.com\\\/#website\",\"url\":\"https:\\\/\\\/jackjonesbadajoz.com\\\/\",\"name\":\"Jack &amp; Jones Badajoz\",\"description\":\"Tiendas Jack &amp; Jones Badajoz\",\"publisher\":{\"@id\":\"https:\\\/\\\/jackjonesbadajoz.com\\\/#organization\"},\"potentialAction\":[{\"@type\":\"SearchAction\",\"target\":{\"@type\":\"EntryPoint\",\"urlTemplate\":\"https:\\\/\\\/jackjonesbadajoz.com\\\/?s={search_term_string}\"},\"query-input\":{\"@type\":\"PropertyValueSpecification\",\"valueRequired\":true,\"valueName\":\"search_term_string\"}}],\"inLanguage\":\"en-US\"},{\"@type\":\"Organization\",\"@id\":\"https:\\\/\\\/jackjonesbadajoz.com\\\/#organization\",\"name\":\"Jack &amp; Jones Badajoz\",\"url\":\"https:\\\/\\\/jackjonesbadajoz.com\\\/\",\"logo\":{\"@type\":\"ImageObject\",\"inLanguage\":\"en-US\",\"@id\":\"https:\\\/\\\/jackjonesbadajoz.com\\\/#\\\/schema\\\/logo\\\/image\\\/\",\"url\":\"https:\\\/\\\/jackjonesbadajoz.com\\\/wp-content\\\/uploads\\\/sites\\\/573\\\/2024\\\/07\\\/cropped-cdn.worldvectorlogo.com_logos_jack-jones-2.svg_.png\",\"contentUrl\":\"https:\\\/\\\/jackjonesbadajoz.com\\\/wp-content\\\/uploads\\\/sites\\\/573\\\/2024\\\/07\\\/cropped-cdn.worldvectorlogo.com_logos_jack-jones-2.svg_.png\",\"width\":2500,\"height\":274,\"caption\":\"Jack &amp; Jones Badajoz\"},\"image\":{\"@id\":\"https:\\\/\\\/jackjonesbadajoz.com\\\/#\\\/schema\\\/logo\\\/image\\\/\"}}]}<\/script>\n<!-- \/ Yoast SEO plugin. -->","yoast_head_json":{"title":"Pantalones cargo slim - Jack &amp; Jones Badajoz","description":"Ideales para un look urbano y relajado. Consigue los tuyos en jackandjonesbadajoz.com ! \ud83d\udc56","robots":{"index":"index","follow":"follow","max-snippet":"max-snippet:-1","max-image-preview":"max-image-preview:large","max-video-preview":"max-video-preview:-1"},"canonical":"https:\/\/jackjonesbadajoz.com\/en\/product\/pantalones-cargo-slim\/","og_locale":"en_US","og_type":"article","og_title":"Pantalones cargo slim - Jack &amp; Jones Badajoz","og_description":"Ideales para un look urbano y relajado. Consigue los tuyos en jackandjonesbadajoz.com ! \ud83d\udc56","og_url":"https:\/\/jackjonesbadajoz.com\/en\/product\/pantalones-cargo-slim\/","og_site_name":"Jack &amp; Jones Badajoz","article_modified_time":"2024-09-17T12:46:19+00:00","og_image":[{"width":400,"height":533,"url":"https:\/\/jackjonesbadajoz.com\/wp-content\/uploads\/sites\/573\/2024\/08\/jj__4484929__front.png","type":"image\/png"}],"twitter_card":"summary_large_image","twitter_misc":{"Est. reading time":"1 minute"},"schema":{"@context":"https:\/\/schema.org","@graph":[{"@type":"WebPage","@id":"https:\/\/jackjonesbadajoz.com\/producto\/pantalones-cargo-slim\/","url":"https:\/\/jackjonesbadajoz.com\/producto\/pantalones-cargo-slim\/","name":"Pantalones cargo slim - Jack &amp; Jones Badajoz","isPartOf":{"@id":"https:\/\/jackjonesbadajoz.com\/#website"},"primaryImageOfPage":{"@id":"https:\/\/jackjonesbadajoz.com\/producto\/pantalones-cargo-slim\/#primaryimage"},"image":{"@id":"https:\/\/jackjonesbadajoz.com\/producto\/pantalones-cargo-slim\/#primaryimage"},"thumbnailUrl":"https:\/\/jackjonesbadajoz.com\/wp-content\/uploads\/sites\/573\/2024\/08\/jj__4484929__front.png","datePublished":"2024-08-07T12:46:33+00:00","dateModified":"2024-09-17T12:46:19+00:00","description":"Ideales para un look urbano y relajado. Consigue los tuyos en jackandjonesbadajoz.com ! \ud83d\udc56","breadcrumb":{"@id":"https:\/\/jackjonesbadajoz.com\/producto\/pantalones-cargo-slim\/#breadcrumb"},"inLanguage":"en-US","potentialAction":[{"@type":"ReadAction","target":["https:\/\/jackjonesbadajoz.com\/producto\/pantalones-cargo-slim\/"]}]},{"@type":"ImageObject","inLanguage":"en-US","@id":"https:\/\/jackjonesbadajoz.com\/producto\/pantalones-cargo-slim\/#primaryimage","url":"https:\/\/jackjonesbadajoz.com\/wp-content\/uploads\/sites\/573\/2024\/08\/jj__4484929__front.png","contentUrl":"https:\/\/jackjonesbadajoz.com\/wp-content\/uploads\/sites\/573\/2024\/08\/jj__4484929__front.png","width":400,"height":533},{"@type":"BreadcrumbList","@id":"https:\/\/jackjonesbadajoz.com\/producto\/pantalones-cargo-slim\/#breadcrumb","itemListElement":[{"@type":"ListItem","position":1,"name":"Portada","item":"https:\/\/jackjonesbadajoz.com\/"},{"@type":"ListItem","position":2,"name":"Tienda","item":"https:\/\/jackjonesbadajoz.com\/tienda\/"},{"@type":"ListItem","position":3,"name":"Pantalones cargo slim"}]},{"@type":"WebSite","@id":"https:\/\/jackjonesbadajoz.com\/#website","url":"https:\/\/jackjonesbadajoz.com\/","name":"Jack &amp; Jones Badajoz","description":"Tiendas Jack &amp; Jones Badajoz","publisher":{"@id":"https:\/\/jackjonesbadajoz.com\/#organization"},"potentialAction":[{"@type":"SearchAction","target":{"@type":"EntryPoint","urlTemplate":"https:\/\/jackjonesbadajoz.com\/?s={search_term_string}"},"query-input":{"@type":"PropertyValueSpecification","valueRequired":true,"valueName":"search_term_string"}}],"inLanguage":"en-US"},{"@type":"Organization","@id":"https:\/\/jackjonesbadajoz.com\/#organization","name":"Jack &amp; Jones Badajoz","url":"https:\/\/jackjonesbadajoz.com\/","logo":{"@type":"ImageObject","inLanguage":"en-US","@id":"https:\/\/jackjonesbadajoz.com\/#\/schema\/logo\/image\/","url":"https:\/\/jackjonesbadajoz.com\/wp-content\/uploads\/sites\/573\/2024\/07\/cropped-cdn.worldvectorlogo.com_logos_jack-jones-2.svg_.png","contentUrl":"https:\/\/jackjonesbadajoz.com\/wp-content\/uploads\/sites\/573\/2024\/07\/cropped-cdn.worldvectorlogo.com_logos_jack-jones-2.svg_.png","width":2500,"height":274,"caption":"Jack &amp; Jones Badajoz"},"image":{"@id":"https:\/\/jackjonesbadajoz.com\/#\/schema\/logo\/image\/"}}]}},"jetpack_sharing_enabled":true,"_links":{"self":[{"href":"https:\/\/jackjonesbadajoz.com\/en\/wp-json\/wp\/v2\/product\/4004","targetHints":{"allow":["GET"]}}],"collection":[{"href":"https:\/\/jackjonesbadajoz.com\/en\/wp-json\/wp\/v2\/product"}],"about":[{"href":"https:\/\/jackjonesbadajoz.com\/en\/wp-json\/wp\/v2\/types\/product"}],"wp:featuredmedia":[{"embeddable":true,"href":"https:\/\/jackjonesbadajoz.com\/en\/wp-json\/wp\/v2\/media\/5424"}],"wp:attachment":[{"href":"https:\/\/jackjonesbadajoz.com\/en\/wp-json\/wp\/v2\/media?parent=4004"}],"wp:term":[{"taxonomy":"product_brand","embeddable":true,"href":"https:\/\/jackjonesbadajoz.com\/en\/wp-json\/wp\/v2\/product_brand?post=4004"},{"taxonomy":"product_cat","embeddable":true,"href":"https:\/\/jackjonesbadajoz.com\/en\/wp-json\/wp\/v2\/product_cat?post=4004"},{"taxonomy":"product_tag","embeddable":true,"href":"https:\/\/jackjonesbadajoz.com\/en\/wp-json\/wp\/v2\/product_tag?post=4004"}],"curies":[{"name":"wp","href":"https:\/\/api.w.org\/{rel}","templated":true}]}}