{"id":5908,"date":"2024-10-28T20:20:48","date_gmt":"2024-10-28T19:20:48","guid":{"rendered":"https:\/\/sites5.digitalya.es\/jackjonesbadajoz.com\/?post_type=product&#038;p=5908"},"modified":"2024-10-28T20:25:23","modified_gmt":"2024-10-28T19:25:23","slug":"abrigo-de-pano-2","status":"publish","type":"product","link":"https:\/\/jackjonesbadajoz.com\/en\/product\/abrigo-de-pano-2\/","title":{"rendered":"Abrigo de pa\u00f1o"},"content":{"rendered":"","protected":false},"excerpt":{"rendered":"<p>Un abrigo de pa\u00f1o de lana es una prenda cl\u00e1sica y elegante, ideal para mantener el calor en climas fr\u00edos. Generalmente, el pa\u00f1o de lana es un tejido resistente y duradero que proporciona una excelente protecci\u00f3n contra el fr\u00edo y el viento. jackjonesbadajoz.<\/p>","protected":false},"featured_media":5909,"template":"","meta":[],"product_brand":[],"product_cat":[257],"product_tag":[],"class_list":{"0":"post-5908","1":"product","2":"type-product","3":"status-publish","4":"has-post-thumbnail","6":"product_cat-abrigos","8":"first","9":"instock","10":"shipping-taxable","11":"purchasable","12":"product-type-variable","13":"add-to-wishlist-after_add_to_cart"},"yoast_head":"<!-- This site is optimized with the Yoast SEO plugin v27.4 - https:\/\/yoast.com\/product\/yoast-seo-wordpress\/ -->\n<title>Abrigo de pa\u00f1o - Jack &amp; Jones Badajoz<\/title>\n<meta name=\"robots\" content=\"index, follow, max-snippet:-1, max-image-preview:large, max-video-preview:-1\" \/>\n<link rel=\"canonical\" href=\"https:\/\/jackjonesbadajoz.com\/en\/product\/abrigo-de-pano-2\/\" \/>\n<meta property=\"og:locale\" content=\"en_US\" \/>\n<meta property=\"og:type\" content=\"article\" \/>\n<meta property=\"og:title\" content=\"Abrigo de pa\u00f1o - Jack &amp; Jones Badajoz\" \/>\n<meta property=\"og:description\" content=\"Un abrigo de pa\u00f1o de lana es una prenda cl\u00e1sica y elegante, ideal para mantener el calor en climas fr\u00edos. Generalmente, el pa\u00f1o de lana es un tejido resistente y duradero que proporciona una excelente protecci\u00f3n contra el fr\u00edo y el viento. jackjonesbadajoz.\" \/>\n<meta property=\"og:url\" content=\"https:\/\/jackjonesbadajoz.com\/en\/product\/abrigo-de-pano-2\/\" \/>\n<meta property=\"og:site_name\" content=\"Jack &amp; Jones Badajoz\" \/>\n<meta property=\"article:modified_time\" content=\"2024-10-28T19:25:23+00:00\" \/>\n<meta property=\"og:image\" content=\"https:\/\/jackjonesbadajoz.com\/wp-content\/uploads\/sites\/573\/2024\/10\/abrigo-gris.webp\" \/>\n\t<meta property=\"og:image:width\" content=\"1125\" \/>\n\t<meta property=\"og:image:height\" content=\"1500\" \/>\n\t<meta property=\"og:image:type\" content=\"image\/webp\" \/>\n<meta name=\"twitter:card\" content=\"summary_large_image\" \/>\n<meta name=\"twitter:label1\" content=\"Est. reading time\" \/>\n\t<meta name=\"twitter:data1\" content=\"1 minute\" \/>\n<script type=\"application\/ld+json\" class=\"yoast-schema-graph\">{\"@context\":\"https:\\\/\\\/schema.org\",\"@graph\":[{\"@type\":\"WebPage\",\"@id\":\"https:\\\/\\\/jackjonesbadajoz.com\\\/en\\\/product\\\/abrigo-de-pano-2\\\/\",\"url\":\"https:\\\/\\\/jackjonesbadajoz.com\\\/en\\\/product\\\/abrigo-de-pano-2\\\/\",\"name\":\"Abrigo de pa\u00f1o - Jack &amp; Jones Badajoz\",\"isPartOf\":{\"@id\":\"https:\\\/\\\/jackjonesbadajoz.com\\\/#website\"},\"primaryImageOfPage\":{\"@id\":\"https:\\\/\\\/jackjonesbadajoz.com\\\/en\\\/product\\\/abrigo-de-pano-2\\\/#primaryimage\"},\"image\":{\"@id\":\"https:\\\/\\\/jackjonesbadajoz.com\\\/en\\\/product\\\/abrigo-de-pano-2\\\/#primaryimage\"},\"thumbnailUrl\":\"https:\\\/\\\/jackjonesbadajoz.com\\\/wp-content\\\/uploads\\\/sites\\\/573\\\/2024\\\/10\\\/abrigo-gris.webp\",\"datePublished\":\"2024-10-28T19:20:48+00:00\",\"dateModified\":\"2024-10-28T19:25:23+00:00\",\"breadcrumb\":{\"@id\":\"https:\\\/\\\/jackjonesbadajoz.com\\\/en\\\/product\\\/abrigo-de-pano-2\\\/#breadcrumb\"},\"inLanguage\":\"en-US\",\"potentialAction\":[{\"@type\":\"ReadAction\",\"target\":[\"https:\\\/\\\/jackjonesbadajoz.com\\\/en\\\/product\\\/abrigo-de-pano-2\\\/\"]}]},{\"@type\":\"ImageObject\",\"inLanguage\":\"en-US\",\"@id\":\"https:\\\/\\\/jackjonesbadajoz.com\\\/en\\\/product\\\/abrigo-de-pano-2\\\/#primaryimage\",\"url\":\"https:\\\/\\\/jackjonesbadajoz.com\\\/wp-content\\\/uploads\\\/sites\\\/573\\\/2024\\\/10\\\/abrigo-gris.webp\",\"contentUrl\":\"https:\\\/\\\/jackjonesbadajoz.com\\\/wp-content\\\/uploads\\\/sites\\\/573\\\/2024\\\/10\\\/abrigo-gris.webp\",\"width\":1125,\"height\":1500},{\"@type\":\"BreadcrumbList\",\"@id\":\"https:\\\/\\\/jackjonesbadajoz.com\\\/en\\\/product\\\/abrigo-de-pano-2\\\/#breadcrumb\",\"itemListElement\":[{\"@type\":\"ListItem\",\"position\":1,\"name\":\"Portada\",\"item\":\"https:\\\/\\\/jackjonesbadajoz.com\\\/\"},{\"@type\":\"ListItem\",\"position\":2,\"name\":\"Tienda\",\"item\":\"https:\\\/\\\/jackjonesbadajoz.com\\\/tienda\\\/\"},{\"@type\":\"ListItem\",\"position\":3,\"name\":\"Abrigo de pa\u00f1o\"}]},{\"@type\":\"WebSite\",\"@id\":\"https:\\\/\\\/jackjonesbadajoz.com\\\/#website\",\"url\":\"https:\\\/\\\/jackjonesbadajoz.com\\\/\",\"name\":\"Jack &amp; Jones Badajoz\",\"description\":\"Tiendas Jack &amp; Jones Badajoz\",\"publisher\":{\"@id\":\"https:\\\/\\\/jackjonesbadajoz.com\\\/#organization\"},\"potentialAction\":[{\"@type\":\"SearchAction\",\"target\":{\"@type\":\"EntryPoint\",\"urlTemplate\":\"https:\\\/\\\/jackjonesbadajoz.com\\\/?s={search_term_string}\"},\"query-input\":{\"@type\":\"PropertyValueSpecification\",\"valueRequired\":true,\"valueName\":\"search_term_string\"}}],\"inLanguage\":\"en-US\"},{\"@type\":\"Organization\",\"@id\":\"https:\\\/\\\/jackjonesbadajoz.com\\\/#organization\",\"name\":\"Jack &amp; Jones Badajoz\",\"url\":\"https:\\\/\\\/jackjonesbadajoz.com\\\/\",\"logo\":{\"@type\":\"ImageObject\",\"inLanguage\":\"en-US\",\"@id\":\"https:\\\/\\\/jackjonesbadajoz.com\\\/#\\\/schema\\\/logo\\\/image\\\/\",\"url\":\"https:\\\/\\\/jackjonesbadajoz.com\\\/wp-content\\\/uploads\\\/sites\\\/573\\\/2024\\\/07\\\/cropped-cdn.worldvectorlogo.com_logos_jack-jones-2.svg_.png\",\"contentUrl\":\"https:\\\/\\\/jackjonesbadajoz.com\\\/wp-content\\\/uploads\\\/sites\\\/573\\\/2024\\\/07\\\/cropped-cdn.worldvectorlogo.com_logos_jack-jones-2.svg_.png\",\"width\":2500,\"height\":274,\"caption\":\"Jack &amp; Jones Badajoz\"},\"image\":{\"@id\":\"https:\\\/\\\/jackjonesbadajoz.com\\\/#\\\/schema\\\/logo\\\/image\\\/\"}}]}<\/script>\n<!-- \/ Yoast SEO plugin. -->","yoast_head_json":{"title":"Abrigo de pa\u00f1o - Jack &amp; Jones Badajoz","robots":{"index":"index","follow":"follow","max-snippet":"max-snippet:-1","max-image-preview":"max-image-preview:large","max-video-preview":"max-video-preview:-1"},"canonical":"https:\/\/jackjonesbadajoz.com\/en\/product\/abrigo-de-pano-2\/","og_locale":"en_US","og_type":"article","og_title":"Abrigo de pa\u00f1o - Jack &amp; Jones Badajoz","og_description":"Un abrigo de pa\u00f1o de lana es una prenda cl\u00e1sica y elegante, ideal para mantener el calor en climas fr\u00edos. Generalmente, el pa\u00f1o de lana es un tejido resistente y duradero que proporciona una excelente protecci\u00f3n contra el fr\u00edo y el viento. jackjonesbadajoz.","og_url":"https:\/\/jackjonesbadajoz.com\/en\/product\/abrigo-de-pano-2\/","og_site_name":"Jack &amp; Jones Badajoz","article_modified_time":"2024-10-28T19:25:23+00:00","og_image":[{"width":1125,"height":1500,"url":"https:\/\/jackjonesbadajoz.com\/wp-content\/uploads\/sites\/573\/2024\/10\/abrigo-gris.webp","type":"image\/webp"}],"twitter_card":"summary_large_image","twitter_misc":{"Est. reading time":"1 minute"},"schema":{"@context":"https:\/\/schema.org","@graph":[{"@type":"WebPage","@id":"https:\/\/jackjonesbadajoz.com\/en\/product\/abrigo-de-pano-2\/","url":"https:\/\/jackjonesbadajoz.com\/en\/product\/abrigo-de-pano-2\/","name":"Abrigo de pa\u00f1o - Jack &amp; Jones Badajoz","isPartOf":{"@id":"https:\/\/jackjonesbadajoz.com\/#website"},"primaryImageOfPage":{"@id":"https:\/\/jackjonesbadajoz.com\/en\/product\/abrigo-de-pano-2\/#primaryimage"},"image":{"@id":"https:\/\/jackjonesbadajoz.com\/en\/product\/abrigo-de-pano-2\/#primaryimage"},"thumbnailUrl":"https:\/\/jackjonesbadajoz.com\/wp-content\/uploads\/sites\/573\/2024\/10\/abrigo-gris.webp","datePublished":"2024-10-28T19:20:48+00:00","dateModified":"2024-10-28T19:25:23+00:00","breadcrumb":{"@id":"https:\/\/jackjonesbadajoz.com\/en\/product\/abrigo-de-pano-2\/#breadcrumb"},"inLanguage":"en-US","potentialAction":[{"@type":"ReadAction","target":["https:\/\/jackjonesbadajoz.com\/en\/product\/abrigo-de-pano-2\/"]}]},{"@type":"ImageObject","inLanguage":"en-US","@id":"https:\/\/jackjonesbadajoz.com\/en\/product\/abrigo-de-pano-2\/#primaryimage","url":"https:\/\/jackjonesbadajoz.com\/wp-content\/uploads\/sites\/573\/2024\/10\/abrigo-gris.webp","contentUrl":"https:\/\/jackjonesbadajoz.com\/wp-content\/uploads\/sites\/573\/2024\/10\/abrigo-gris.webp","width":1125,"height":1500},{"@type":"BreadcrumbList","@id":"https:\/\/jackjonesbadajoz.com\/en\/product\/abrigo-de-pano-2\/#breadcrumb","itemListElement":[{"@type":"ListItem","position":1,"name":"Portada","item":"https:\/\/jackjonesbadajoz.com\/"},{"@type":"ListItem","position":2,"name":"Tienda","item":"https:\/\/jackjonesbadajoz.com\/tienda\/"},{"@type":"ListItem","position":3,"name":"Abrigo de pa\u00f1o"}]},{"@type":"WebSite","@id":"https:\/\/jackjonesbadajoz.com\/#website","url":"https:\/\/jackjonesbadajoz.com\/","name":"Jack &amp; Jones Badajoz","description":"Tiendas Jack &amp; Jones Badajoz","publisher":{"@id":"https:\/\/jackjonesbadajoz.com\/#organization"},"potentialAction":[{"@type":"SearchAction","target":{"@type":"EntryPoint","urlTemplate":"https:\/\/jackjonesbadajoz.com\/?s={search_term_string}"},"query-input":{"@type":"PropertyValueSpecification","valueRequired":true,"valueName":"search_term_string"}}],"inLanguage":"en-US"},{"@type":"Organization","@id":"https:\/\/jackjonesbadajoz.com\/#organization","name":"Jack &amp; Jones Badajoz","url":"https:\/\/jackjonesbadajoz.com\/","logo":{"@type":"ImageObject","inLanguage":"en-US","@id":"https:\/\/jackjonesbadajoz.com\/#\/schema\/logo\/image\/","url":"https:\/\/jackjonesbadajoz.com\/wp-content\/uploads\/sites\/573\/2024\/07\/cropped-cdn.worldvectorlogo.com_logos_jack-jones-2.svg_.png","contentUrl":"https:\/\/jackjonesbadajoz.com\/wp-content\/uploads\/sites\/573\/2024\/07\/cropped-cdn.worldvectorlogo.com_logos_jack-jones-2.svg_.png","width":2500,"height":274,"caption":"Jack &amp; Jones Badajoz"},"image":{"@id":"https:\/\/jackjonesbadajoz.com\/#\/schema\/logo\/image\/"}}]}},"jetpack_sharing_enabled":true,"_links":{"self":[{"href":"https:\/\/jackjonesbadajoz.com\/en\/wp-json\/wp\/v2\/product\/5908","targetHints":{"allow":["GET"]}}],"collection":[{"href":"https:\/\/jackjonesbadajoz.com\/en\/wp-json\/wp\/v2\/product"}],"about":[{"href":"https:\/\/jackjonesbadajoz.com\/en\/wp-json\/wp\/v2\/types\/product"}],"wp:featuredmedia":[{"embeddable":true,"href":"https:\/\/jackjonesbadajoz.com\/en\/wp-json\/wp\/v2\/media\/5909"}],"wp:attachment":[{"href":"https:\/\/jackjonesbadajoz.com\/en\/wp-json\/wp\/v2\/media?parent=5908"}],"wp:term":[{"taxonomy":"product_brand","embeddable":true,"href":"https:\/\/jackjonesbadajoz.com\/en\/wp-json\/wp\/v2\/product_brand?post=5908"},{"taxonomy":"product_cat","embeddable":true,"href":"https:\/\/jackjonesbadajoz.com\/en\/wp-json\/wp\/v2\/product_cat?post=5908"},{"taxonomy":"product_tag","embeddable":true,"href":"https:\/\/jackjonesbadajoz.com\/en\/wp-json\/wp\/v2\/product_tag?post=5908"}],"curies":[{"name":"wp","href":"https:\/\/api.w.org\/{rel}","templated":true}]}}